{"id":18191,"date":"2020-03-19T17:45:52","date_gmt":"2020-03-19T17:45:52","guid":{"rendered":"http:\/\/oasdi.ca\/international-education\/"},"modified":"2020-04-15T23:31:30","modified_gmt":"2020-04-15T23:31:30","slug":"educacion-internacional","status":"publish","type":"page","link":"https:\/\/www.oasdi.ca\/es\/educacion-internacional\/","title":{"rendered":"Por qu\u00e9 elegir la educaci\u00f3n internacional en Canada?"},"content":{"rendered":"<div id=\"pl-18191\"  class=\"panel-layout\" ><div id=\"pg-18191-0\"  class=\"panel-grid panel-no-style\" ><div id=\"pgc-18191-0-0\"  class=\"panel-grid-cell\" ><div id=\"panel-18191-0-0-0\" class=\"so-panel widget widget_sow-image panel-first-child panel-last-child\" data-index=\"0\" ><div class=\"is-featured-img panel-widget-style panel-widget-style-for-18191-0-0-0\" ><div\n\t\t\t\n\t\t\tclass=\"so-widget-sow-image so-widget-sow-image-default-c4f6304fc136-18191\"\n\t\t\t\n\t\t>\n\n<div class=\"sow-image-container\">\n\t\t<img loading=\"lazy\" decoding=\"async\" src=\"https:\/\/www.oasdi.ca\/wp-content\/uploads\/2020\/03\/international-student.jpg\" width=\"1440\" height=\"268\" srcset=\"https:\/\/www.oasdi.ca\/wp-content\/uploads\/2020\/03\/international-student.jpg 1440w, https:\/\/www.oasdi.ca\/wp-content\/uploads\/2020\/03\/international-student-250x47.jpg 250w, https:\/\/www.oasdi.ca\/wp-content\/uploads\/2020\/03\/international-student-700x130.jpg 700w, https:\/\/www.oasdi.ca\/wp-content\/uploads\/2020\/03\/international-student-768x143.jpg 768w, https:\/\/www.oasdi.ca\/wp-content\/uploads\/2020\/03\/international-student-120x22.jpg 120w\" sizes=\"(max-width: 1440px) 100vw, 1440px\" title=\"international-education\" alt=\"international-education\" \t\tclass=\"so-widget-image\"\/>\n\t<\/div>\n\n<\/div><\/div><\/div><\/div><\/div><div id=\"pg-18191-1\"  class=\"panel-grid panel-has-style\" ><div class=\"has-container panel-row-style panel-row-style-for-18191-1\" ><div id=\"pgc-18191-1-0\"  class=\"panel-grid-cell\" ><div id=\"panel-18191-1-0-0\" class=\"so-panel widget widget_hem-seo-title-widget panel-first-child panel-last-child\" data-index=\"1\" ><div class=\"panel-widget-style panel-widget-style-for-18191-1-0-0\" ><div\n\t\t\t\n\t\t\tclass=\"so-widget-hem-seo-title-widget so-widget-hem-seo-title-widget-hem-seo-title-widget-style-d75171398898-18191\"\n\t\t\t\n\t\t>\n<h1 style=\"font-size:px;\">Por qu\u00e9 elegir la educaci\u00f3n internacional en Canada?<\/h1>\n\n\n\n\t<!-- <div class=\"breadcrumb-trail\"><a href=\"index.php\">Home<\/a> \u00bb <span class=\"breadcrumb-current\">About<\/span><\/div> -->\n\t<div class=\"test1\"><span><span><a href=\"https:\/\/www.oasdi.ca\/es\/\">Inicio<\/a><\/span><\/span><\/div>\n<\/div><\/div><\/div><\/div><\/div><\/div><div id=\"pg-18191-2\"  class=\"panel-grid panel-has-style\" ><div class=\"has-container panel-row-style panel-row-style-for-18191-2\" ><div id=\"pgc-18191-2-0\"  class=\"panel-grid-cell\" ><div id=\"panel-18191-2-0-0\" class=\"so-panel widget widget_hem-sidebar-menu-widget panel-first-child\" data-index=\"2\" ><div\n\t\t\t\n\t\t\tclass=\"so-widget-hem-sidebar-menu-widget so-widget-hem-sidebar-menu-widget-hem-sidebar-menu-widget-style-d75171398898-18191\"\n\t\t\t\n\t\t><div id=\"sidebar\">\n\t\t\t<ul id=\"side-menu\" class=\"side-menu menu-embedded\">\n\t\t\t\n\t\t\t\t\t\t\t\t\n\t\t\t\t\t\t\t\t\t\t\t<li><a href=\"https:\/\/www.oasdi.ca\/es\/educacion-internacional\/preguntas-frecuentes\/\">Preguntas frecuentes acerca de la educaci\u00f3n internacional en Ontario<\/a><\/li>\n\t\t\t\t\t\t\t\t\t\t\t\t\t\n\t\t\t\t\t\t\t\t\t\t\t<li><a href=\"https:\/\/www.oasdi.ca\/es\/educacion-internacional\/programas\/\">Programas para estudiantes internacionales en Ontario<\/a><\/li>\n\t\t\t\t\t\t\t\t\t\t\t\t\t\n\t\t\t\t\t\t\t\t\t\t\t<li><a href=\"https:\/\/www.oasdi.ca\/es\/educacion-internacional\/servicio-de-apoyo-para-estudiantes\/\">Servicios de apoyo para estudiantes en Ontario<\/a><\/li>\n\t\t\t\t\t\t\t\t\t\t\t\t\t\n\t\t\t\t\t\t\t\t\t\t\t<li><a href=\"https:\/\/www.oasdi.ca\/es\/educacion-internacional\/aprender-ingles\/\">Aprendizaje del idioma ingl\u00e9s (ELL) en Ontario<\/a><\/li>\n\t\t\t\t\t\t\t\t\t\t\t\t\t\n\t\t\t\t\t\t\t\t\t\t\t<li><a href=\"https:\/\/www.oasdi.ca\/es\/educacion-internacional\/ontario\/\">Por qu\u00e9 elegir la educaci\u00f3n internacional en Ontario?<\/a><\/li>\n\t\t\t\t\t\t\t\t\t\t\t\t\t\n\t\t\t\t\t\t\t\t\t\t\t<li><a href=\"https:\/\/www.oasdi.ca\/es\/educacion-internacional\/guia-para-la-orientacion-escolar\/\">Gu\u00eda de orientaci\u00f3n escolar en Ontario: la vida cotidiana en las escuelas<\/a><\/li>\n\t\t\t\t\t\t\t\t\t\t\n\n\t\t\t\t<!-- Extra menu -->\n\t\t\t\t\n\n\n\t\t\t\t\t<\/ul>\n\t\n\n<\/div><\/div><\/div><div id=\"panel-18191-2-0-1\" class=\"so-panel widget widget_hem-sidebar-link-widget panel-last-child\" data-index=\"3\" ><div\n\t\t\t\n\t\t\tclass=\"so-widget-hem-sidebar-link-widget so-widget-hem-sidebar-link-widget-hem-sidebar-link-widget-style-d75171398898-18191\"\n\t\t\t\n\t\t><div id=\"sidebar\" class=\"external-link-only\">\n\n\n\n\t\t\t\t<!-- Extra menu -->\n\t\t\t\t\t\t\t\t\t<ul id=\"side-menu\" class=\"side-menu menu-embedded\">\n\t\t\t\t\t\t\t\t\t\t\t\t\t\t\t\t\t\t\t\t\t<li><a  href=\"https:\/\/www.oasdi.ca\/map-search\/\">Map Overview<\/a><\/li>\n\t\t\t\t\t\t\t\t\t\t\t\t\t\t\n\t\t\t\t\t\t\t\t\t\t\t\t\t\t\t\t\t\t\t\t\t<li><a  href=\"https:\/\/www.oasdi.ca\/district-list\/\">District List<\/a><\/li>\n\t\t\t\t\t\t\t\t\t\t\t\t\t\t\n\t\t\t\t\t\t\t\n\t\t\t\t\t<\/ul>\n\t\t\t\t\n\t\t\t\t\n\n\n\n\n<\/div><\/div><\/div><\/div><div id=\"pgc-18191-2-1\"  class=\"panel-grid-cell\" ><div class=\"pl-sm-3 pl-md-5 panel-cell-style panel-cell-style-for-18191-2-1\" ><div id=\"panel-18191-2-1-0\" class=\"so-panel widget widget_sow-editor panel-first-child panel-last-child\" data-index=\"4\" ><div\n\t\t\t\n\t\t\tclass=\"so-widget-sow-editor so-widget-sow-editor-base\"\n\t\t\t\n\t\t>\n<div class=\"siteorigin-widget-tinymce textwidget\">\n\t<p>Ontario se ha convertido en un importante y cada vez m\u00e1s popular destino para los estudiantes internacionales, m\u00e1s de la mitad de los estudiantes internacionales del nivel jard\u00edn infantil a grado 12 (K-12), que actualmente estudian en Canad\u00e1, eligen a Ontario como el lugar en el que prefieren educarse. Existen muchas razones por las que los estudiantes internacionales y sus familias eligen Ontario, pues el sistema de educaci\u00f3n p\u00fablica de la provincia ofrece un excelente plan de estudios reconocido a nivel mundial, el cual forma estudiantes que consistentemente tienen un rendimiento clasificado en el nivel m\u00e1s alto de las puntuaciones de las pruebas internacionales. El sistema de educaci\u00f3n p\u00fablica de Ontario proporciona muchos caminos para el \u00e9xito de los estudiantes y existen numerosas trayectorias educativas para oportunidades de educaci\u00f3n superior.<\/p>\n<p>Esta secci\u00f3n del sitio Web de OASDI proporciona informaci\u00f3n acerca de c\u00f3mo hacer una solicitud para ser un estudiante internacional del nivel de jard\u00edn infantil a grado 12 (K-12), los requisitos de ingreso, detalles acerca de lo que puede esperar como estudiante internacional en Ontario y los tipos de programas disponibles.<\/p>\n<\/div>\n<\/div><\/div><\/div><\/div><\/div><\/div><\/div>","protected":false},"excerpt":{"rendered":"Por qu\u00e9 elegir la educaci\u00f3n internacional en Canada? Inicio Preguntas frecuentes acerca de la educaci\u00f3n internacional en Ontario Programas para estudiantes internacionales en Ontario Servicios de apoyo para estudiantes en Ontario Aprendizaje del idioma ingl\u00e9s (ELL) en Ontario Por qu\u00e9 elegir la educaci\u00f3n internacional en Ontario? Gu\u00eda de orientaci\u00f3n escolar en Ontario: la vida cotidiana&#8230; <a class=\"view-article\" href=\"https:\/\/www.oasdi.ca\/es\/educacion-internacional\/\">Ver art\u00edculo<\/a>","protected":false},"author":237,"featured_media":16248,"parent":0,"menu_order":0,"comment_status":"closed","ping_status":"closed","template":"","meta":{"footnotes":""},"class_list":["post-18191","page","type-page","status-publish","has-post-thumbnail","hentry"],"yoast_head":"<!-- This site is optimized with the Yoast SEO plugin v21.5 - https:\/\/yoast.com\/wordpress\/plugins\/seo\/ -->\n<title>Por qu\u00e9 elegir la educaci\u00f3n internacional en Canada?<\/title>\n<meta name=\"description\" content=\"Te gustar\u00eda estudiar en Ontario como estudiante internacional? Obt\u00e9n la informaci\u00f3n que necesitas y aprende m\u00e1s acerca del proceso de aplicaci\u00f3n aqu\u00ed.\" \/>\n<meta name=\"robots\" content=\"index, follow, max-snippet:-1, max-image-preview:large, max-video-preview:-1\" \/>\n<link rel=\"canonical\" href=\"https:\/\/www.oasdi.ca\/es\/educacion-internacional\/\" \/>\n<meta property=\"og:locale\" content=\"es_ES\" \/>\n<meta property=\"og:type\" content=\"article\" \/>\n<meta property=\"og:title\" content=\"Por qu\u00e9 elegir la educaci\u00f3n internacional en Canada?\" \/>\n<meta property=\"og:description\" content=\"Te gustar\u00eda estudiar en Ontario como estudiante internacional? Obt\u00e9n la informaci\u00f3n que necesitas y aprende m\u00e1s acerca del proceso de aplicaci\u00f3n aqu\u00ed.\" \/>\n<meta property=\"og:url\" content=\"https:\/\/www.oasdi.ca\/es\/educacion-internacional\/\" \/>\n<meta property=\"og:site_name\" content=\"OASDI\" \/>\n<meta property=\"article:modified_time\" content=\"2020-04-15T23:31:30+00:00\" \/>\n<meta property=\"og:image\" content=\"https:\/\/www.oasdi.ca\/wp-content\/uploads\/2020\/03\/international-student.jpg\" \/>\n\t<meta property=\"og:image:width\" content=\"1440\" \/>\n\t<meta property=\"og:image:height\" content=\"268\" \/>\n\t<meta property=\"og:image:type\" content=\"image\/jpeg\" \/>\n<meta name=\"twitter:card\" content=\"summary_large_image\" \/>\n<meta name=\"twitter:label1\" content=\"Tiempo de lectura\" \/>\n\t<meta name=\"twitter:data1\" content=\"1 minuto\" \/>\n<script type=\"application\/ld+json\" class=\"yoast-schema-graph\">{\"@context\":\"https:\/\/schema.org\",\"@graph\":[{\"@type\":\"WebPage\",\"@id\":\"https:\/\/www.oasdi.ca\/es\/educacion-internacional\/\",\"url\":\"https:\/\/www.oasdi.ca\/es\/educacion-internacional\/\",\"name\":\"Por qu\u00e9 elegir la educaci\u00f3n internacional en Canada?\",\"isPartOf\":{\"@id\":\"https:\/\/www.oasdi.ca\/es\/#website\"},\"datePublished\":\"2020-03-19T17:45:52+00:00\",\"dateModified\":\"2020-04-15T23:31:30+00:00\",\"description\":\"Te gustar\u00eda estudiar en Ontario como estudiante internacional? Obt\u00e9n la informaci\u00f3n que necesitas y aprende m\u00e1s acerca del proceso de aplicaci\u00f3n aqu\u00ed.\",\"breadcrumb\":{\"@id\":\"https:\/\/www.oasdi.ca\/es\/educacion-internacional\/#breadcrumb\"},\"inLanguage\":\"es\",\"potentialAction\":[{\"@type\":\"ReadAction\",\"target\":[\"https:\/\/www.oasdi.ca\/es\/educacion-internacional\/\"]}]},{\"@type\":\"BreadcrumbList\",\"@id\":\"https:\/\/www.oasdi.ca\/es\/educacion-internacional\/#breadcrumb\",\"itemListElement\":[{\"@type\":\"ListItem\",\"position\":1,\"name\":\"Inicio\",\"item\":\"https:\/\/www.oasdi.ca\/es\/\"},{\"@type\":\"ListItem\",\"position\":2,\"name\":\"Por qu\u00e9 elegir la educaci\u00f3n internacional en Canada?\"}]},{\"@type\":\"WebSite\",\"@id\":\"https:\/\/www.oasdi.ca\/es\/#website\",\"url\":\"https:\/\/www.oasdi.ca\/es\/\",\"name\":\"OASDI\",\"description\":\"Ontario Association of School District International\",\"publisher\":{\"@id\":\"https:\/\/www.oasdi.ca\/es\/#organization\"},\"potentialAction\":[{\"@type\":\"SearchAction\",\"target\":{\"@type\":\"EntryPoint\",\"urlTemplate\":\"https:\/\/www.oasdi.ca\/es\/?s={search_term_string}\"},\"query-input\":\"required name=search_term_string\"}],\"inLanguage\":\"es\"},{\"@type\":\"Organization\",\"@id\":\"https:\/\/www.oasdi.ca\/es\/#organization\",\"name\":\"OASDI\",\"url\":\"https:\/\/www.oasdi.ca\/es\/\",\"logo\":{\"@type\":\"ImageObject\",\"inLanguage\":\"es\",\"@id\":\"https:\/\/www.oasdi.ca\/es\/#\/schema\/logo\/image\/\",\"url\":\"https:\/\/www.oasdi.ca\/wp-content\/uploads\/2020\/02\/cropped-oasdi-logo.png\",\"contentUrl\":\"https:\/\/www.oasdi.ca\/wp-content\/uploads\/2020\/02\/cropped-oasdi-logo.png\",\"width\":468,\"height\":96,\"caption\":\"OASDI\"},\"image\":{\"@id\":\"https:\/\/www.oasdi.ca\/es\/#\/schema\/logo\/image\/\"}}]}<\/script>\n<!-- \/ Yoast SEO plugin. -->","yoast_head_json":{"title":"Por qu\u00e9 elegir la educaci\u00f3n internacional en Canada?","description":"Te gustar\u00eda estudiar en Ontario como estudiante internacional? Obt\u00e9n la informaci\u00f3n que necesitas y aprende m\u00e1s acerca del proceso de aplicaci\u00f3n aqu\u00ed.","robots":{"index":"index","follow":"follow","max-snippet":"max-snippet:-1","max-image-preview":"max-image-preview:large","max-video-preview":"max-video-preview:-1"},"canonical":"https:\/\/www.oasdi.ca\/es\/educacion-internacional\/","og_locale":"es_ES","og_type":"article","og_title":"Por qu\u00e9 elegir la educaci\u00f3n internacional en Canada?","og_description":"Te gustar\u00eda estudiar en Ontario como estudiante internacional? Obt\u00e9n la informaci\u00f3n que necesitas y aprende m\u00e1s acerca del proceso de aplicaci\u00f3n aqu\u00ed.","og_url":"https:\/\/www.oasdi.ca\/es\/educacion-internacional\/","og_site_name":"OASDI","article_modified_time":"2020-04-15T23:31:30+00:00","og_image":[{"width":1440,"height":268,"url":"https:\/\/www.oasdi.ca\/wp-content\/uploads\/2020\/03\/international-student.jpg","type":"image\/jpeg"}],"twitter_card":"summary_large_image","twitter_misc":{"Tiempo de lectura":"1 minuto"},"schema":{"@context":"https:\/\/schema.org","@graph":[{"@type":"WebPage","@id":"https:\/\/www.oasdi.ca\/es\/educacion-internacional\/","url":"https:\/\/www.oasdi.ca\/es\/educacion-internacional\/","name":"Por qu\u00e9 elegir la educaci\u00f3n internacional en Canada?","isPartOf":{"@id":"https:\/\/www.oasdi.ca\/es\/#website"},"datePublished":"2020-03-19T17:45:52+00:00","dateModified":"2020-04-15T23:31:30+00:00","description":"Te gustar\u00eda estudiar en Ontario como estudiante internacional? Obt\u00e9n la informaci\u00f3n que necesitas y aprende m\u00e1s acerca del proceso de aplicaci\u00f3n aqu\u00ed.","breadcrumb":{"@id":"https:\/\/www.oasdi.ca\/es\/educacion-internacional\/#breadcrumb"},"inLanguage":"es","potentialAction":[{"@type":"ReadAction","target":["https:\/\/www.oasdi.ca\/es\/educacion-internacional\/"]}]},{"@type":"BreadcrumbList","@id":"https:\/\/www.oasdi.ca\/es\/educacion-internacional\/#breadcrumb","itemListElement":[{"@type":"ListItem","position":1,"name":"Inicio","item":"https:\/\/www.oasdi.ca\/es\/"},{"@type":"ListItem","position":2,"name":"Por qu\u00e9 elegir la educaci\u00f3n internacional en Canada?"}]},{"@type":"WebSite","@id":"https:\/\/www.oasdi.ca\/es\/#website","url":"https:\/\/www.oasdi.ca\/es\/","name":"OASDI","description":"Ontario Association of School District International","publisher":{"@id":"https:\/\/www.oasdi.ca\/es\/#organization"},"potentialAction":[{"@type":"SearchAction","target":{"@type":"EntryPoint","urlTemplate":"https:\/\/www.oasdi.ca\/es\/?s={search_term_string}"},"query-input":"required name=search_term_string"}],"inLanguage":"es"},{"@type":"Organization","@id":"https:\/\/www.oasdi.ca\/es\/#organization","name":"OASDI","url":"https:\/\/www.oasdi.ca\/es\/","logo":{"@type":"ImageObject","inLanguage":"es","@id":"https:\/\/www.oasdi.ca\/es\/#\/schema\/logo\/image\/","url":"https:\/\/www.oasdi.ca\/wp-content\/uploads\/2020\/02\/cropped-oasdi-logo.png","contentUrl":"https:\/\/www.oasdi.ca\/wp-content\/uploads\/2020\/02\/cropped-oasdi-logo.png","width":468,"height":96,"caption":"OASDI"},"image":{"@id":"https:\/\/www.oasdi.ca\/es\/#\/schema\/logo\/image\/"}}]}},"_links":{"self":[{"href":"https:\/\/www.oasdi.ca\/es\/wp-json\/wp\/v2\/pages\/18191"}],"collection":[{"href":"https:\/\/www.oasdi.ca\/es\/wp-json\/wp\/v2\/pages"}],"about":[{"href":"https:\/\/www.oasdi.ca\/es\/wp-json\/wp\/v2\/types\/page"}],"author":[{"embeddable":true,"href":"https:\/\/www.oasdi.ca\/es\/wp-json\/wp\/v2\/users\/237"}],"replies":[{"embeddable":true,"href":"https:\/\/www.oasdi.ca\/es\/wp-json\/wp\/v2\/comments?post=18191"}],"version-history":[{"count":0,"href":"https:\/\/www.oasdi.ca\/es\/wp-json\/wp\/v2\/pages\/18191\/revisions"}],"wp:featuredmedia":[{"embeddable":true,"href":"https:\/\/www.oasdi.ca\/es\/wp-json\/wp\/v2\/media\/16248"}],"wp:attachment":[{"href":"https:\/\/www.oasdi.ca\/es\/wp-json\/wp\/v2\/media?parent=18191"}],"curies":[{"name":"wp","href":"https:\/\/api.w.org\/{rel}","templated":true}]}}