{"id":18123,"date":"2020-03-19T12:08:21","date_gmt":"2020-03-19T12:08:21","guid":{"rendered":"http:\/\/oasdi.ca\/k-12-education-in-ontario\/"},"modified":"2020-04-18T02:54:48","modified_gmt":"2020-04-18T02:54:48","slug":"educacion-k-12-en-ontario","status":"publish","type":"page","link":"https:\/\/www.oasdi.ca\/es\/educacion-k-12-en-ontario\/","title":{"rendered":"Educaci\u00f3n K-12 en Ontario"},"content":{"rendered":"<div id=\"pl-18123\"  class=\"panel-layout\" ><div id=\"pg-18123-0\"  class=\"panel-grid panel-no-style\" ><div id=\"pgc-18123-0-0\"  class=\"panel-grid-cell\" ><div id=\"panel-18123-0-0-0\" class=\"so-panel widget widget_sow-image panel-first-child panel-last-child\" data-index=\"0\" ><div class=\"is-featured-img panel-widget-style panel-widget-style-for-18123-0-0-0\" ><div\n\t\t\t\n\t\t\tclass=\"so-widget-sow-image so-widget-sow-image-default-c4f6304fc136-18123\"\n\t\t\t\n\t\t>\n\n<div class=\"sow-image-container\">\n\t\t<img loading=\"lazy\" decoding=\"async\" src=\"https:\/\/www.oasdi.ca\/wp-content\/uploads\/2020\/03\/oasdi-k12.jpg\" width=\"1440\" height=\"268\" srcset=\"https:\/\/www.oasdi.ca\/wp-content\/uploads\/2020\/03\/oasdi-k12.jpg 1440w, https:\/\/www.oasdi.ca\/wp-content\/uploads\/2020\/03\/oasdi-k12-250x47.jpg 250w, https:\/\/www.oasdi.ca\/wp-content\/uploads\/2020\/03\/oasdi-k12-700x130.jpg 700w, https:\/\/www.oasdi.ca\/wp-content\/uploads\/2020\/03\/oasdi-k12-768x143.jpg 768w, https:\/\/www.oasdi.ca\/wp-content\/uploads\/2020\/03\/oasdi-k12-120x22.jpg 120w\" sizes=\"(max-width: 1440px) 100vw, 1440px\" alt=\"OASDI k12\" \t\tclass=\"so-widget-image\"\/>\n\t<\/div>\n\n<\/div><\/div><\/div><\/div><\/div><div id=\"pg-18123-1\"  class=\"panel-grid panel-has-style\" ><div class=\"has-container panel-row-style panel-row-style-for-18123-1\" ><div id=\"pgc-18123-1-0\"  class=\"panel-grid-cell\" ><div id=\"panel-18123-1-0-0\" class=\"so-panel widget widget_hem-seo-title-widget panel-first-child panel-last-child\" data-index=\"1\" ><div class=\"panel-widget-style panel-widget-style-for-18123-1-0-0\" ><div\n\t\t\t\n\t\t\tclass=\"so-widget-hem-seo-title-widget so-widget-hem-seo-title-widget-hem-seo-title-widget-style-d75171398898-18123\"\n\t\t\t\n\t\t>\n<h1 style=\"font-size:px;\">Educaci\u00f3n K-12 en Ontario<\/h1>\n\n\n\n\t<!-- <div class=\"breadcrumb-trail\"><a href=\"index.php\">Home<\/a> \u00bb <span class=\"breadcrumb-current\">About<\/span><\/div> -->\n\t<div class=\"test1\"><span><span><a href=\"https:\/\/www.oasdi.ca\/es\/\">Inicio<\/a><\/span><\/span><\/div>\n<\/div><\/div><\/div><\/div><\/div><\/div><div id=\"pg-18123-2\"  class=\"panel-grid panel-has-style\" ><div class=\"has-container panel-row-style panel-row-style-for-18123-2\" ><div id=\"pgc-18123-2-0\"  class=\"panel-grid-cell\" ><div id=\"panel-18123-2-0-0\" class=\"so-panel widget widget_hem-sidebar-menu-widget panel-first-child\" data-index=\"2\" ><div\n\t\t\t\n\t\t\tclass=\"so-widget-hem-sidebar-menu-widget so-widget-hem-sidebar-menu-widget-hem-sidebar-menu-widget-style-d75171398898-18123\"\n\t\t\t\n\t\t><div id=\"sidebar\">\n\t\t\t<ul id=\"side-menu\" class=\"side-menu menu-embedded\">\n\t\t\t\n\t\t\t\t\t\t\t\t\n\t\t\t\t\t\t\t\t\t\t\t<li><a href=\"https:\/\/www.oasdi.ca\/es\/educacion-k-12-en-ontario\/preguntas-frecuentes\/\">Preguntas frecuentes acerca de la educaci\u00f3n K-12 en Ontario<\/a><\/li>\n\t\t\t\t\t\t\t\t\t\t\t\t\t\n\t\t\t\t\t\t\t\t\t\t\t<li><a href=\"https:\/\/www.oasdi.ca\/es\/educacion-k-12-en-ontario\/valoracion-evaluacion-y-reporte\/\">Reporte de calificaciones de los estudiantes en Ontario<\/a><\/li>\n\t\t\t\t\t\t\t\t\t\t\t\t\t\n\t\t\t\t\t\t\t\t\t\t\t<li><a href=\"https:\/\/www.oasdi.ca\/es\/educacion-k-12-en-ontario\/requisitos-para-graduarse\/\">Requisitos para la graduaci\u00f3n en Ontario<\/a><\/li>\n\t\t\t\t\t\t\t\t\t\t\t\t\t\n\t\t\t\t\t\t\t\t\t\t\t<li><a href=\"https:\/\/www.oasdi.ca\/es\/educacion-k-12-en-ontario\/curriculo\/\">Plan de estudios en Ontario<\/a><\/li>\n\t\t\t\t\t\t\t\t\t\t\t\t\t\n\t\t\t\t\t\t\t\t\t\t\t<li><a href=\"https:\/\/www.oasdi.ca\/es\/educacion-k-12-en-ontario\/educacion-cooperativa\/\">Educaci\u00f3n cooperativa en Ontario<\/a><\/li>\n\t\t\t\t\t\t\t\t\t\t\t\t\t\n\t\t\t\t\t\t\t\t\t\t\t<li><a href=\"https:\/\/www.oasdi.ca\/es\/educacion-k-12-en-ontario\/escuelas-secundarias\/\">Escuelas secundarias en Ontario<\/a><\/li>\n\t\t\t\t\t\t\t\t\t\t\t\t\t\n\t\t\t\t\t\t\t\t\t\t\t<li><a href=\"https:\/\/www.oasdi.ca\/es\/educacion-k-12-en-ontario\/escuelas-primarias\/\">Escuelas primarias en Ontario<\/a><\/li>\n\t\t\t\t\t\t\t\t\t\t\t\t\t\n\t\t\t\t\t\t\t\t\t\t\t<li><a href=\"https:\/\/www.oasdi.ca\/es\/educacion-k-12-en-ontario\/infografia\/\">Infograf\u00eda de la educaci\u00f3n K-12 en Ontario<\/a><\/li>\n\t\t\t\t\t\t\t\t\t\t\n\n\t\t\t\t<!-- Extra menu -->\n\t\t\t\t\n\n\n\t\t\t\t\t<\/ul>\n\t\n\n<\/div><\/div><\/div><div id=\"panel-18123-2-0-1\" class=\"so-panel widget widget_hem-sidebar-link-widget panel-last-child\" data-index=\"3\" ><div\n\t\t\t\n\t\t\tclass=\"so-widget-hem-sidebar-link-widget so-widget-hem-sidebar-link-widget-hem-sidebar-link-widget-style-d75171398898-18123\"\n\t\t\t\n\t\t><div id=\"sidebar\" class=\"external-link-only\">\n\n\n\n\t\t\t\t<!-- Extra menu -->\n\t\t\t\t\t\t\t\t\t<ul id=\"side-menu\" class=\"side-menu menu-embedded\">\n\t\t\t\t\t\t\t\t\t\t\t\t\t\t\t\t\t\t\t\t\t<li><a  href=\"https:\/\/www.oasdi.ca\/map-search\/\">Map Overview<\/a><\/li>\n\t\t\t\t\t\t\t\t\t\t\t\t\t\t\n\t\t\t\t\t\t\t\t\t\t\t\t\t\t\t\t\t\t\t\t\t<li><a  href=\"https:\/\/www.oasdi.ca\/district-list\/\">District List<\/a><\/li>\n\t\t\t\t\t\t\t\t\t\t\t\t\t\t\n\t\t\t\t\t\t\t\n\t\t\t\t\t<\/ul>\n\t\t\t\t\n\t\t\t\t\n\n\n\n\n<\/div><\/div><\/div><\/div><div id=\"pgc-18123-2-1\"  class=\"panel-grid-cell\" ><div class=\"pl-sm-3 pl-md-5 panel-cell-style panel-cell-style-for-18123-2-1\" ><div id=\"panel-18123-2-1-0\" class=\"so-panel widget widget_hem-seo-title-widget panel-first-child\" data-index=\"4\" ><div class=\"panel-widget-style panel-widget-style-for-18123-2-1-0\" ><div\n\t\t\t\n\t\t\tclass=\"so-widget-hem-seo-title-widget so-widget-hem-seo-title-widget-hem-seo-title-widget-style-d75171398898-18123\"\n\t\t\t\n\t\t>\n<h2 style=\"font-size:px;\">Comprendiendo la Educaci\u00f3n \u201cP\u00fablicac\u201d<\/h2>\n\n\n<div class=\"title-border\"><\/div>\n\n<\/div><\/div><\/div><div id=\"panel-18123-2-1-1\" class=\"so-panel widget widget_sow-editor panel-last-child\" data-index=\"5\" ><div\n\t\t\t\n\t\t\tclass=\"so-widget-sow-editor so-widget-sow-editor-base\"\n\t\t\t\n\t\t>\n<div class=\"siteorigin-widget-tinymce textwidget\">\n\t<p>El sistema educativo en Canad\u00e1 es una responsabilidad de las provincias, no existe un plan de estudios nacional. En la provincia de Ontario, el Ministerio de Educaci\u00f3n de Ontario tiene la responsabilidad de administrar y financiar las escuelas primarias y secundarias de Ontario.<\/p>\n<p>Ontario valora la educaci\u00f3n\u00a0<u><strong>p\u00fablica<\/strong><\/u>.\u00a0 En Ontario, una educaci\u00f3n \u201cp\u00fablica\u201d significa una educaci\u00f3n de alta calidad. Los estudiantes de las escuelas p\u00fablicas de Ontario consistentemente tienen un alto rendimiento a nivel internacional y tienen uno de los mejores rendimientos en las evaluaciones nacionales en las \u00e1reas de lectura y escritura, matem\u00e1ticas y ciencia.<\/p>\n<p>M\u00e1s del 94% de los estudiantes de las escuelas primarias y secundarias que asisten a la escuela en Ontario, asisten a escuelas financiadas con fondos p\u00fablicos.\u00a0 Siendo la provincia m\u00e1s grande de Canad\u00e1, las escuelas p\u00fablicas de Ontario tienen una inscripci\u00f3n de m\u00e1s de 1,4 millones de estudiantes de escuelas primarias y m\u00e1s de 650 000 estudiantes de secundaria.<\/p>\n<p>Por razones hist\u00f3ricas y jur\u00eddicas, en Ontario existen cuatro tipos de distritos escolares financiados con fondos p\u00fablicos:<\/p>\n<ul>\n<li>P\u00fablicas en idioma ingl\u00e9s<\/li>\n<li>Cat\u00f3licas* en idioma ingl\u00e9s<\/li>\n<li>P\u00fablicas en idioma franc\u00e9s y<\/li>\n<li>Cat\u00f3licas* en idioma franc\u00e9s<\/li>\n<\/ul>\n<p>*Tenga en cuenta que no es esencial que un estudiante sea cat\u00f3lico para asistir a una escuela cat\u00f3lica en la escuela secundaria, pero puede haber algunas restricciones en las escuelas primarias.<\/p>\n<p>En total hay aproximadamente 4000 escuelas primarias y m\u00e1s de 900 escuelas secundarias en el sistema p\u00fablico de la provincia.<\/p>\n<p>Se puede encontrar una lista completa de enlaces de recursos sobre la educaci\u00f3n en Ontario en:\u00a0<a href=\"http:\/\/www.edu.gov.on.ca\/eng\/parents\/generalinfo.html\" target=\"_blank\" rel=\"noopener\">www.edu.gov.on.ca\/eng\/parents\/generalinfo.html<\/a><\/p>\n<\/div>\n<\/div><\/div><\/div><\/div><\/div><\/div><\/div>","protected":false},"excerpt":{"rendered":"Educaci\u00f3n K-12 en Ontario Inicio Preguntas frecuentes acerca de la educaci\u00f3n K-12 en Ontario Reporte de calificaciones de los estudiantes en Ontario Requisitos para la graduaci\u00f3n en Ontario Plan de estudios en Ontario Educaci\u00f3n cooperativa en Ontario Escuelas secundarias en Ontario Escuelas primarias en Ontario Infograf\u00eda de la educaci\u00f3n K-12 en Ontario Map Overview District&#8230; <a class=\"view-article\" href=\"https:\/\/www.oasdi.ca\/es\/educacion-k-12-en-ontario\/\">Ver art\u00edculo<\/a>","protected":false},"author":237,"featured_media":16077,"parent":0,"menu_order":578,"comment_status":"closed","ping_status":"closed","template":"","meta":{"footnotes":""},"class_list":["post-18123","page","type-page","status-publish","has-post-thumbnail","hentry"],"yoast_head":"<!-- This site is optimized with the Yoast SEO plugin v21.5 - https:\/\/yoast.com\/wordpress\/plugins\/seo\/ -->\n<title>Educaci\u00f3n K-12 en Ontario | Sistema de educaci\u00f3n de Ontario<\/title>\n<meta name=\"description\" content=\"Est\u00e1s buscando informaci\u00f3n sobre la educaci\u00f3n internacional en Ontario? Descubre m\u00e1s sobre la educaci\u00f3n desde el jard\u00edn hasta el grado 12 (K-12) aqu\u00ed.\" \/>\n<meta name=\"robots\" content=\"index, follow, max-snippet:-1, max-image-preview:large, max-video-preview:-1\" \/>\n<link rel=\"canonical\" href=\"https:\/\/www.oasdi.ca\/es\/educacion-k-12-en-ontario\/\" \/>\n<meta property=\"og:locale\" content=\"es_ES\" \/>\n<meta property=\"og:type\" content=\"article\" \/>\n<meta property=\"og:title\" content=\"Educaci\u00f3n K-12 en Ontario | Sistema de educaci\u00f3n de Ontario\" \/>\n<meta property=\"og:description\" content=\"Est\u00e1s buscando informaci\u00f3n sobre la educaci\u00f3n internacional en Ontario? Descubre m\u00e1s sobre la educaci\u00f3n desde el jard\u00edn hasta el grado 12 (K-12) aqu\u00ed.\" \/>\n<meta property=\"og:url\" content=\"https:\/\/www.oasdi.ca\/es\/educacion-k-12-en-ontario\/\" \/>\n<meta property=\"og:site_name\" content=\"OASDI\" \/>\n<meta property=\"article:modified_time\" content=\"2020-04-18T02:54:48+00:00\" \/>\n<meta property=\"og:image\" content=\"https:\/\/www.oasdi.ca\/wp-content\/uploads\/2020\/03\/oasdi-k12.jpg\" \/>\n\t<meta property=\"og:image:width\" content=\"1440\" \/>\n\t<meta property=\"og:image:height\" content=\"268\" \/>\n\t<meta property=\"og:image:type\" content=\"image\/jpeg\" \/>\n<meta name=\"twitter:card\" content=\"summary_large_image\" \/>\n<meta name=\"twitter:label1\" content=\"Tiempo de lectura\" \/>\n\t<meta name=\"twitter:data1\" content=\"2 minutos\" \/>\n<script type=\"application\/ld+json\" class=\"yoast-schema-graph\">{\"@context\":\"https:\/\/schema.org\",\"@graph\":[{\"@type\":\"WebPage\",\"@id\":\"https:\/\/www.oasdi.ca\/es\/educacion-k-12-en-ontario\/\",\"url\":\"https:\/\/www.oasdi.ca\/es\/educacion-k-12-en-ontario\/\",\"name\":\"Educaci\u00f3n K-12 en Ontario | Sistema de educaci\u00f3n de Ontario\",\"isPartOf\":{\"@id\":\"https:\/\/www.oasdi.ca\/es\/#website\"},\"datePublished\":\"2020-03-19T12:08:21+00:00\",\"dateModified\":\"2020-04-18T02:54:48+00:00\",\"description\":\"Est\u00e1s buscando informaci\u00f3n sobre la educaci\u00f3n internacional en Ontario? Descubre m\u00e1s sobre la educaci\u00f3n desde el jard\u00edn hasta el grado 12 (K-12) aqu\u00ed.\",\"breadcrumb\":{\"@id\":\"https:\/\/www.oasdi.ca\/es\/educacion-k-12-en-ontario\/#breadcrumb\"},\"inLanguage\":\"es\",\"potentialAction\":[{\"@type\":\"ReadAction\",\"target\":[\"https:\/\/www.oasdi.ca\/es\/educacion-k-12-en-ontario\/\"]}]},{\"@type\":\"BreadcrumbList\",\"@id\":\"https:\/\/www.oasdi.ca\/es\/educacion-k-12-en-ontario\/#breadcrumb\",\"itemListElement\":[{\"@type\":\"ListItem\",\"position\":1,\"name\":\"Inicio\",\"item\":\"https:\/\/www.oasdi.ca\/es\/\"},{\"@type\":\"ListItem\",\"position\":2,\"name\":\"Educaci\u00f3n K-12 en Ontario\"}]},{\"@type\":\"WebSite\",\"@id\":\"https:\/\/www.oasdi.ca\/es\/#website\",\"url\":\"https:\/\/www.oasdi.ca\/es\/\",\"name\":\"OASDI\",\"description\":\"Ontario Association of School District International\",\"publisher\":{\"@id\":\"https:\/\/www.oasdi.ca\/es\/#organization\"},\"potentialAction\":[{\"@type\":\"SearchAction\",\"target\":{\"@type\":\"EntryPoint\",\"urlTemplate\":\"https:\/\/www.oasdi.ca\/es\/?s={search_term_string}\"},\"query-input\":\"required name=search_term_string\"}],\"inLanguage\":\"es\"},{\"@type\":\"Organization\",\"@id\":\"https:\/\/www.oasdi.ca\/es\/#organization\",\"name\":\"OASDI\",\"url\":\"https:\/\/www.oasdi.ca\/es\/\",\"logo\":{\"@type\":\"ImageObject\",\"inLanguage\":\"es\",\"@id\":\"https:\/\/www.oasdi.ca\/es\/#\/schema\/logo\/image\/\",\"url\":\"https:\/\/www.oasdi.ca\/wp-content\/uploads\/2020\/02\/cropped-oasdi-logo.png\",\"contentUrl\":\"https:\/\/www.oasdi.ca\/wp-content\/uploads\/2020\/02\/cropped-oasdi-logo.png\",\"width\":468,\"height\":96,\"caption\":\"OASDI\"},\"image\":{\"@id\":\"https:\/\/www.oasdi.ca\/es\/#\/schema\/logo\/image\/\"}}]}<\/script>\n<!-- \/ Yoast SEO plugin. -->","yoast_head_json":{"title":"Educaci\u00f3n K-12 en Ontario | Sistema de educaci\u00f3n de Ontario","description":"Est\u00e1s buscando informaci\u00f3n sobre la educaci\u00f3n internacional en Ontario? Descubre m\u00e1s sobre la educaci\u00f3n desde el jard\u00edn hasta el grado 12 (K-12) aqu\u00ed.","robots":{"index":"index","follow":"follow","max-snippet":"max-snippet:-1","max-image-preview":"max-image-preview:large","max-video-preview":"max-video-preview:-1"},"canonical":"https:\/\/www.oasdi.ca\/es\/educacion-k-12-en-ontario\/","og_locale":"es_ES","og_type":"article","og_title":"Educaci\u00f3n K-12 en Ontario | Sistema de educaci\u00f3n de Ontario","og_description":"Est\u00e1s buscando informaci\u00f3n sobre la educaci\u00f3n internacional en Ontario? Descubre m\u00e1s sobre la educaci\u00f3n desde el jard\u00edn hasta el grado 12 (K-12) aqu\u00ed.","og_url":"https:\/\/www.oasdi.ca\/es\/educacion-k-12-en-ontario\/","og_site_name":"OASDI","article_modified_time":"2020-04-18T02:54:48+00:00","og_image":[{"width":1440,"height":268,"url":"https:\/\/www.oasdi.ca\/wp-content\/uploads\/2020\/03\/oasdi-k12.jpg","type":"image\/jpeg"}],"twitter_card":"summary_large_image","twitter_misc":{"Tiempo de lectura":"2 minutos"},"schema":{"@context":"https:\/\/schema.org","@graph":[{"@type":"WebPage","@id":"https:\/\/www.oasdi.ca\/es\/educacion-k-12-en-ontario\/","url":"https:\/\/www.oasdi.ca\/es\/educacion-k-12-en-ontario\/","name":"Educaci\u00f3n K-12 en Ontario | Sistema de educaci\u00f3n de Ontario","isPartOf":{"@id":"https:\/\/www.oasdi.ca\/es\/#website"},"datePublished":"2020-03-19T12:08:21+00:00","dateModified":"2020-04-18T02:54:48+00:00","description":"Est\u00e1s buscando informaci\u00f3n sobre la educaci\u00f3n internacional en Ontario? Descubre m\u00e1s sobre la educaci\u00f3n desde el jard\u00edn hasta el grado 12 (K-12) aqu\u00ed.","breadcrumb":{"@id":"https:\/\/www.oasdi.ca\/es\/educacion-k-12-en-ontario\/#breadcrumb"},"inLanguage":"es","potentialAction":[{"@type":"ReadAction","target":["https:\/\/www.oasdi.ca\/es\/educacion-k-12-en-ontario\/"]}]},{"@type":"BreadcrumbList","@id":"https:\/\/www.oasdi.ca\/es\/educacion-k-12-en-ontario\/#breadcrumb","itemListElement":[{"@type":"ListItem","position":1,"name":"Inicio","item":"https:\/\/www.oasdi.ca\/es\/"},{"@type":"ListItem","position":2,"name":"Educaci\u00f3n K-12 en Ontario"}]},{"@type":"WebSite","@id":"https:\/\/www.oasdi.ca\/es\/#website","url":"https:\/\/www.oasdi.ca\/es\/","name":"OASDI","description":"Ontario Association of School District International","publisher":{"@id":"https:\/\/www.oasdi.ca\/es\/#organization"},"potentialAction":[{"@type":"SearchAction","target":{"@type":"EntryPoint","urlTemplate":"https:\/\/www.oasdi.ca\/es\/?s={search_term_string}"},"query-input":"required name=search_term_string"}],"inLanguage":"es"},{"@type":"Organization","@id":"https:\/\/www.oasdi.ca\/es\/#organization","name":"OASDI","url":"https:\/\/www.oasdi.ca\/es\/","logo":{"@type":"ImageObject","inLanguage":"es","@id":"https:\/\/www.oasdi.ca\/es\/#\/schema\/logo\/image\/","url":"https:\/\/www.oasdi.ca\/wp-content\/uploads\/2020\/02\/cropped-oasdi-logo.png","contentUrl":"https:\/\/www.oasdi.ca\/wp-content\/uploads\/2020\/02\/cropped-oasdi-logo.png","width":468,"height":96,"caption":"OASDI"},"image":{"@id":"https:\/\/www.oasdi.ca\/es\/#\/schema\/logo\/image\/"}}]}},"_links":{"self":[{"href":"https:\/\/www.oasdi.ca\/es\/wp-json\/wp\/v2\/pages\/18123"}],"collection":[{"href":"https:\/\/www.oasdi.ca\/es\/wp-json\/wp\/v2\/pages"}],"about":[{"href":"https:\/\/www.oasdi.ca\/es\/wp-json\/wp\/v2\/types\/page"}],"author":[{"embeddable":true,"href":"https:\/\/www.oasdi.ca\/es\/wp-json\/wp\/v2\/users\/237"}],"replies":[{"embeddable":true,"href":"https:\/\/www.oasdi.ca\/es\/wp-json\/wp\/v2\/comments?post=18123"}],"version-history":[{"count":0,"href":"https:\/\/www.oasdi.ca\/es\/wp-json\/wp\/v2\/pages\/18123\/revisions"}],"wp:featuredmedia":[{"embeddable":true,"href":"https:\/\/www.oasdi.ca\/es\/wp-json\/wp\/v2\/media\/16077"}],"wp:attachment":[{"href":"https:\/\/www.oasdi.ca\/es\/wp-json\/wp\/v2\/media?parent=18123"}],"curies":[{"name":"wp","href":"https:\/\/api.w.org\/{rel}","templated":true}]}}