{"id":18058,"date":"2020-03-19T12:41:10","date_gmt":"2020-03-19T12:41:10","guid":{"rendered":"http:\/\/oasdi.ca\/k-12-education-in-ontario\/secondary-schools\/"},"modified":"2020-05-10T15:45:09","modified_gmt":"2020-05-10T15:45:09","slug":"escuelas-secundarias","status":"publish","type":"page","link":"https:\/\/www.oasdi.ca\/es\/educacion-k-12-en-ontario\/escuelas-secundarias\/","title":{"rendered":"Escuelas secundarias en Ontario"},"content":{"rendered":"<div id=\"pl-18058\"  class=\"panel-layout\" ><div id=\"pg-18058-0\"  class=\"panel-grid panel-no-style\" ><div id=\"pgc-18058-0-0\"  class=\"panel-grid-cell\" ><div id=\"panel-18058-0-0-0\" class=\"so-panel widget widget_sow-image panel-first-child panel-last-child\" data-index=\"0\" ><div class=\"is-featured-img panel-widget-style panel-widget-style-for-18058-0-0-0\" ><div\n\t\t\t\n\t\t\tclass=\"so-widget-sow-image so-widget-sow-image-default-c4f6304fc136-18058\"\n\t\t\t\n\t\t>\n\n<div class=\"sow-image-container\">\n\t\t<img loading=\"lazy\" decoding=\"async\" src=\"https:\/\/www.oasdi.ca\/wp-content\/uploads\/2020\/03\/banner-17.jpg\" width=\"1440\" height=\"268\" srcset=\"https:\/\/www.oasdi.ca\/wp-content\/uploads\/2020\/03\/banner-17.jpg 1440w, https:\/\/www.oasdi.ca\/wp-content\/uploads\/2020\/03\/banner-17-250x47.jpg 250w, https:\/\/www.oasdi.ca\/wp-content\/uploads\/2020\/03\/banner-17-700x130.jpg 700w, https:\/\/www.oasdi.ca\/wp-content\/uploads\/2020\/03\/banner-17-768x143.jpg 768w, https:\/\/www.oasdi.ca\/wp-content\/uploads\/2020\/03\/banner-17-120x22.jpg 120w\" sizes=\"(max-width: 1440px) 100vw, 1440px\" alt=\"\" \t\tclass=\"so-widget-image\"\/>\n\t<\/div>\n\n<\/div><\/div><\/div><\/div><\/div><div id=\"pg-18058-1\"  class=\"panel-grid panel-has-style\" ><div class=\"has-container panel-row-style panel-row-style-for-18058-1\" ><div id=\"pgc-18058-1-0\"  class=\"panel-grid-cell\" ><div id=\"panel-18058-1-0-0\" class=\"so-panel widget widget_hem-seo-title-widget panel-first-child panel-last-child\" data-index=\"1\" ><div class=\"panel-widget-style panel-widget-style-for-18058-1-0-0\" ><div\n\t\t\t\n\t\t\tclass=\"so-widget-hem-seo-title-widget so-widget-hem-seo-title-widget-hem-seo-title-widget-style-d75171398898-18058\"\n\t\t\t\n\t\t>\n<h1 style=\"font-size:px;\">Escuelas secundarias en Ontario<\/h1>\n\n\n\n\t<!-- <div class=\"breadcrumb-trail\"><a href=\"index.php\">Home<\/a> \u00bb <span class=\"breadcrumb-current\">About<\/span><\/div> -->\n\t<div class=\"test1\"><span><span><a href=\"https:\/\/www.oasdi.ca\/es\/\">Inicio<\/a><\/span><\/span><\/div>\n<\/div><\/div><\/div><\/div><\/div><\/div><div id=\"pg-18058-2\"  class=\"panel-grid panel-has-style\" ><div class=\"has-container panel-row-style panel-row-style-for-18058-2\" ><div id=\"pgc-18058-2-0\"  class=\"panel-grid-cell\" ><div id=\"panel-18058-2-0-0\" class=\"so-panel widget widget_hem-sidebar-menu-widget panel-first-child\" data-index=\"2\" ><div\n\t\t\t\n\t\t\tclass=\"so-widget-hem-sidebar-menu-widget so-widget-hem-sidebar-menu-widget-hem-sidebar-menu-widget-style-d75171398898-18058\"\n\t\t\t\n\t\t><div id=\"sidebar\">\n\t\t\t<ul id=\"side-menu\" class=\"side-menu menu-embedded\">\n\t\t\t\n\t\t\t\t\t\t\t\t\n\t\t\t\t\t\t\t\t\t\t\t<li><a href=\"https:\/\/www.oasdi.ca\/es\/educacion-k-12-en-ontario\/preguntas-frecuentes\/\">Preguntas frecuentes acerca de la educaci\u00f3n K-12 en Ontario<\/a><\/li>\n\t\t\t\t\t\t\t\t\t\t\t\t\t\n\t\t\t\t\t\t\t\t\t\t\t<li><a href=\"https:\/\/www.oasdi.ca\/es\/educacion-k-12-en-ontario\/valoracion-evaluacion-y-reporte\/\">Reporte de calificaciones de los estudiantes en Ontario<\/a><\/li>\n\t\t\t\t\t\t\t\t\t\t\t\t\t\n\t\t\t\t\t\t\t\t\t\t\t<li><a href=\"https:\/\/www.oasdi.ca\/es\/educacion-k-12-en-ontario\/requisitos-para-graduarse\/\">Requisitos para la graduaci\u00f3n en Ontario<\/a><\/li>\n\t\t\t\t\t\t\t\t\t\t\t\t\t\n\t\t\t\t\t\t\t\t\t\t\t<li><a href=\"https:\/\/www.oasdi.ca\/es\/educacion-k-12-en-ontario\/curriculo\/\">Plan de estudios en Ontario<\/a><\/li>\n\t\t\t\t\t\t\t\t\t\t\t\t\t\n\t\t\t\t\t\t\t\t\t\t\t<li><a href=\"https:\/\/www.oasdi.ca\/es\/educacion-k-12-en-ontario\/educacion-cooperativa\/\">Educaci\u00f3n cooperativa en Ontario<\/a><\/li>\n\t\t\t\t\t\t\t\t\t\t\t\t\t\n\t\t\t\t\t\t\t\t\t\t\t<li><a class=\"active\" href=\"https:\/\/www.oasdi.ca\/es\/educacion-k-12-en-ontario\/escuelas-secundarias\/\">Escuelas secundarias en Ontario<\/a><\/li>\n\t\t\t\t\t\t\t\t\t\t\t\t\t\n\t\t\t\t\t\t\t\t\t\t\t<li><a href=\"https:\/\/www.oasdi.ca\/es\/educacion-k-12-en-ontario\/escuelas-primarias\/\">Escuelas primarias en Ontario<\/a><\/li>\n\t\t\t\t\t\t\t\t\t\t\t\t\t\n\t\t\t\t\t\t\t\t\t\t\t<li><a href=\"https:\/\/www.oasdi.ca\/es\/educacion-k-12-en-ontario\/infografia\/\">Infograf\u00eda de la educaci\u00f3n K-12 en Ontario<\/a><\/li>\n\t\t\t\t\t\t\t\t\t\t\n\n\t\t\t\t<!-- Extra menu -->\n\t\t\t\t\n\n\n\t\t\t\t\t<\/ul>\n\t\n\n<\/div><\/div><\/div><div id=\"panel-18058-2-0-1\" class=\"so-panel widget widget_hem-sidebar-link-widget panel-last-child\" data-index=\"3\" ><div\n\t\t\t\n\t\t\tclass=\"so-widget-hem-sidebar-link-widget so-widget-hem-sidebar-link-widget-hem-sidebar-link-widget-style-d75171398898-18058\"\n\t\t\t\n\t\t><div id=\"sidebar\" class=\"external-link-only\">\n\n\n\n\t\t\t\t<!-- Extra menu -->\n\t\t\t\t\t\t\t\t\t<ul id=\"side-menu\" class=\"side-menu menu-embedded\">\n\t\t\t\t\t\t\t\t\t\t\t\t\t\t\t\t\t\t\t\t\t<li><a  href=\"https:\/\/www.oasdi.ca\/map-search\/\">Map Overview<\/a><\/li>\n\t\t\t\t\t\t\t\t\t\t\t\t\t\t\n\t\t\t\t\t\t\t\t\t\t\t\t\t\t\t\t\t\t\t\t\t<li><a  href=\"https:\/\/www.oasdi.ca\/district-list\/\">District List<\/a><\/li>\n\t\t\t\t\t\t\t\t\t\t\t\t\t\t\n\t\t\t\t\t\t\t\n\t\t\t\t\t<\/ul>\n\t\t\t\t\n\t\t\t\t\n\n\n\n\n<\/div><\/div><\/div><\/div><div id=\"pgc-18058-2-1\"  class=\"panel-grid-cell\" ><div class=\"pl-sm-3 pl-md-5 panel-cell-style panel-cell-style-for-18058-2-1\" ><div id=\"panel-18058-2-1-0\" class=\"so-panel widget widget_sow-editor panel-first-child panel-last-child\" data-index=\"4\" ><div\n\t\t\t\n\t\t\tclass=\"so-widget-sow-editor so-widget-sow-editor-base\"\n\t\t\t\n\t\t>\n<div class=\"siteorigin-widget-tinymce textwidget\">\n\t<p>En Ontario, la escuela secundaria abarca del grado 9 al 12.<\/p>\n<p>Existen diferentes variaciones en la organizaci\u00f3n de las *escuelas secundarias*.\u00a0 La mayor\u00eda de las escuelas van de los grados 9 a 12, pero hay una cantidad creciente de escuelas que van de los grados 7 a 12.\u00a0 Algunas escuelas tiene varios centenares de estudiantes matriculados, en tanto que otras tiene cerca de dos mil estudiantes.\u00a0 Cabe se\u00f1alar que las escuelas secundarias tambi\u00e9n se conocen como bachilleratos.<\/p>\n<h2>Organizaci\u00f3n de las escuelas secundarias por grados<\/h2>\n<h3>Grados 7 a 12 O grados 9 a 12<\/h3>\n<p>Las escuelas secundarias en Ontario son muy diversas en cuanto a los programas que ofrecen. Todas las escuelas secundarias ofrecen una educaci\u00f3n integral que permite que el estudiante se grad\u00fae, pero algunas tienen programas especializados que se enfocan en Bellas Artes, Ciencia o Tecnolog\u00eda.\u00a0 Otras escuelas ofrecen Programas de inmersi\u00f3n en franc\u00e9s, bachillerato internacional, estudiantes de especialidades altamente calificadas, programas de cr\u00e9ditos dobles, entre muchos m\u00e1s. Para ver los programas ofrecidos en una escuela espec\u00edfica, vaya al sitio Web principal de las juntas escolares p\u00fablicas en Ontario:\u00a0<a href=\"http:\/\/www.edu.gov.on.ca\/eng\/sbinfo\/boardList.html\" target=\"_blank\" rel=\"noopener\">http:\/\/www.edu.gov.on.ca\/eng\/sbinfo\/boardList.html<\/a><\/p>\n<p>El objetivo de una educaci\u00f3n secundaria en Ontario es \u201ccumplir con las necesidades, intereses, puntos fuertes de todos los estudiantes, involucr\u00e1ndolos en el aprendizaje y prepar\u00e1ndolos mejor para su graduaci\u00f3n y futuro.\u201d (Ministerio de Educaci\u00f3n de Ontario). La importancia de la educaci\u00f3n secundaria para el \u00e9xito futuro es reconocida ampliamente y el gobierno de Ontario ha suministrado los recursos que han aumentado las tasas de graduaciones dram\u00e1ticamente en la d\u00e9cada pasada; actualmente, m\u00e1s de 85,5% de los estudiantes de secundaria se est\u00e1n graduando, lo que representa un aumento del 17% desde el 2004. Puede encontrar detalles adicionales acerca de estos resultados:\u00a0<a href=\"http:\/\/www.edu.gov.on.ca\/eng\/gettingResultsGrad.html\" target=\"_blank\" rel=\"noopener\">www.edu.gov.on.ca\/eng\/gettingResultsGrad.html<\/a><\/p>\n<h3>Requisitos para la graduaci\u00f3n<\/h3>\n<p>Para ver la lista de los cursos y requisitos espec\u00edficos para que un estudiante se grad\u00fae, haga clic en \u201c<a href=\"http:\/\/www.oasdi.ca\/Graduation%20Requirements.php?lang=es\"><strong>Requisitos para la graduaci\u00f3n<\/strong><\/a>\u201d.<\/p>\n<p>Las escuelas secundarias reconocen que cada estudiante aprende de manera diferente y que tiene intereses individuales \u00fanicos.\u00a0 Una serie completa de programas en las escuelas secundarias est\u00e1 apoyando efectivamente el \u00e9xito de los estudiantes. Las nuevas iniciativas con las comunidades, empleadores, escuelas vocacionales o t\u00e9cnicas y universidades locales est\u00e1n apoyando a los estudiantes de secundaria para que logren alcanzar su potencial.\u00a0 Puede encontrar m\u00e1s informaci\u00f3n en:\u00a0<a href=\"http:\/\/www.edu.gov.on.ca\/studentsuccess\" target=\"_blank\" rel=\"noopener\">www.edu.gov.on.ca\/studentsuccess<\/a><\/p>\n<\/div>\n<\/div><\/div><\/div><\/div><\/div><\/div><\/div>","protected":false},"excerpt":{"rendered":"Escuelas secundarias en Ontario Inicio Preguntas frecuentes acerca de la educaci\u00f3n K-12 en Ontario Reporte de calificaciones de los estudiantes en Ontario Requisitos para la graduaci\u00f3n en Ontario Plan de estudios en Ontario Educaci\u00f3n cooperativa en Ontario Escuelas secundarias en Ontario Escuelas primarias en Ontario Infograf\u00eda de la educaci\u00f3n K-12 en Ontario Map Overview District&#8230; <a class=\"view-article\" href=\"https:\/\/www.oasdi.ca\/es\/educacion-k-12-en-ontario\/escuelas-secundarias\/\">Ver art\u00edculo<\/a>","protected":false},"author":237,"featured_media":16102,"parent":18123,"menu_order":560,"comment_status":"closed","ping_status":"closed","template":"","meta":{"footnotes":""},"class_list":["post-18058","page","type-page","status-publish","has-post-thumbnail","hentry"],"yoast_head":"<!-- This site is optimized with the Yoast SEO plugin v21.5 - https:\/\/yoast.com\/wordpress\/plugins\/seo\/ -->\n<title>Escuelas secundarias | Sistema de educaci\u00f3n K-12 de Ontario<\/title>\n<meta name=\"description\" content=\"En Ontario, las escuelas secundarias, tambi\u00e9n conocidas como high schools, incluyen los grados 9 a 12. Descubre m\u00e1s acerca de las escuelas secundarias aqu\u00ed.\" \/>\n<meta name=\"robots\" content=\"index, follow, max-snippet:-1, max-image-preview:large, max-video-preview:-1\" \/>\n<link rel=\"canonical\" href=\"https:\/\/www.oasdi.ca\/es\/educacion-k-12-en-ontario\/escuelas-secundarias\/\" \/>\n<meta property=\"og:locale\" content=\"es_ES\" \/>\n<meta property=\"og:type\" content=\"article\" \/>\n<meta property=\"og:title\" content=\"Escuelas secundarias | Sistema de educaci\u00f3n K-12 de Ontario\" \/>\n<meta property=\"og:description\" content=\"En Ontario, las escuelas secundarias, tambi\u00e9n conocidas como high schools, incluyen los grados 9 a 12. Descubre m\u00e1s acerca de las escuelas secundarias aqu\u00ed.\" \/>\n<meta property=\"og:url\" content=\"https:\/\/www.oasdi.ca\/es\/educacion-k-12-en-ontario\/escuelas-secundarias\/\" \/>\n<meta property=\"og:site_name\" content=\"OASDI\" \/>\n<meta property=\"article:modified_time\" content=\"2020-05-10T15:45:09+00:00\" \/>\n<meta property=\"og:image\" content=\"https:\/\/www.oasdi.ca\/wp-content\/uploads\/2020\/03\/banner-17.jpg\" \/>\n\t<meta property=\"og:image:width\" content=\"1440\" \/>\n\t<meta property=\"og:image:height\" content=\"268\" \/>\n\t<meta property=\"og:image:type\" content=\"image\/jpeg\" \/>\n<meta name=\"twitter:card\" content=\"summary_large_image\" \/>\n<meta name=\"twitter:label1\" content=\"Tiempo de lectura\" \/>\n\t<meta name=\"twitter:data1\" content=\"2 minutos\" \/>\n<script type=\"application\/ld+json\" class=\"yoast-schema-graph\">{\"@context\":\"https:\/\/schema.org\",\"@graph\":[{\"@type\":\"WebPage\",\"@id\":\"https:\/\/www.oasdi.ca\/es\/educacion-k-12-en-ontario\/escuelas-secundarias\/\",\"url\":\"https:\/\/www.oasdi.ca\/es\/educacion-k-12-en-ontario\/escuelas-secundarias\/\",\"name\":\"Escuelas secundarias | Sistema de educaci\u00f3n K-12 de Ontario\",\"isPartOf\":{\"@id\":\"https:\/\/www.oasdi.ca\/es\/#website\"},\"datePublished\":\"2020-03-19T12:41:10+00:00\",\"dateModified\":\"2020-05-10T15:45:09+00:00\",\"description\":\"En Ontario, las escuelas secundarias, tambi\u00e9n conocidas como high schools, incluyen los grados 9 a 12. Descubre m\u00e1s acerca de las escuelas secundarias aqu\u00ed.\",\"breadcrumb\":{\"@id\":\"https:\/\/www.oasdi.ca\/es\/educacion-k-12-en-ontario\/escuelas-secundarias\/#breadcrumb\"},\"inLanguage\":\"es\",\"potentialAction\":[{\"@type\":\"ReadAction\",\"target\":[\"https:\/\/www.oasdi.ca\/es\/educacion-k-12-en-ontario\/escuelas-secundarias\/\"]}]},{\"@type\":\"BreadcrumbList\",\"@id\":\"https:\/\/www.oasdi.ca\/es\/educacion-k-12-en-ontario\/escuelas-secundarias\/#breadcrumb\",\"itemListElement\":[{\"@type\":\"ListItem\",\"position\":1,\"name\":\"Inicio\",\"item\":\"https:\/\/www.oasdi.ca\/es\/\"},{\"@type\":\"ListItem\",\"position\":2,\"name\":\"Educaci\u00f3n K-12 en Ontario\",\"item\":\"https:\/\/www.oasdi.ca\/es\/educacion-k-12-en-ontario\/\"},{\"@type\":\"ListItem\",\"position\":3,\"name\":\"Escuelas secundarias en Ontario\"}]},{\"@type\":\"WebSite\",\"@id\":\"https:\/\/www.oasdi.ca\/es\/#website\",\"url\":\"https:\/\/www.oasdi.ca\/es\/\",\"name\":\"OASDI\",\"description\":\"Ontario Association of School District International\",\"publisher\":{\"@id\":\"https:\/\/www.oasdi.ca\/es\/#organization\"},\"potentialAction\":[{\"@type\":\"SearchAction\",\"target\":{\"@type\":\"EntryPoint\",\"urlTemplate\":\"https:\/\/www.oasdi.ca\/es\/?s={search_term_string}\"},\"query-input\":\"required name=search_term_string\"}],\"inLanguage\":\"es\"},{\"@type\":\"Organization\",\"@id\":\"https:\/\/www.oasdi.ca\/es\/#organization\",\"name\":\"OASDI\",\"url\":\"https:\/\/www.oasdi.ca\/es\/\",\"logo\":{\"@type\":\"ImageObject\",\"inLanguage\":\"es\",\"@id\":\"https:\/\/www.oasdi.ca\/es\/#\/schema\/logo\/image\/\",\"url\":\"https:\/\/www.oasdi.ca\/wp-content\/uploads\/2020\/02\/cropped-oasdi-logo.png\",\"contentUrl\":\"https:\/\/www.oasdi.ca\/wp-content\/uploads\/2020\/02\/cropped-oasdi-logo.png\",\"width\":468,\"height\":96,\"caption\":\"OASDI\"},\"image\":{\"@id\":\"https:\/\/www.oasdi.ca\/es\/#\/schema\/logo\/image\/\"}}]}<\/script>\n<!-- \/ Yoast SEO plugin. -->","yoast_head_json":{"title":"Escuelas secundarias | Sistema de educaci\u00f3n K-12 de Ontario","description":"En Ontario, las escuelas secundarias, tambi\u00e9n conocidas como high schools, incluyen los grados 9 a 12. Descubre m\u00e1s acerca de las escuelas secundarias aqu\u00ed.","robots":{"index":"index","follow":"follow","max-snippet":"max-snippet:-1","max-image-preview":"max-image-preview:large","max-video-preview":"max-video-preview:-1"},"canonical":"https:\/\/www.oasdi.ca\/es\/educacion-k-12-en-ontario\/escuelas-secundarias\/","og_locale":"es_ES","og_type":"article","og_title":"Escuelas secundarias | Sistema de educaci\u00f3n K-12 de Ontario","og_description":"En Ontario, las escuelas secundarias, tambi\u00e9n conocidas como high schools, incluyen los grados 9 a 12. Descubre m\u00e1s acerca de las escuelas secundarias aqu\u00ed.","og_url":"https:\/\/www.oasdi.ca\/es\/educacion-k-12-en-ontario\/escuelas-secundarias\/","og_site_name":"OASDI","article_modified_time":"2020-05-10T15:45:09+00:00","og_image":[{"width":1440,"height":268,"url":"https:\/\/www.oasdi.ca\/wp-content\/uploads\/2020\/03\/banner-17.jpg","type":"image\/jpeg"}],"twitter_card":"summary_large_image","twitter_misc":{"Tiempo de lectura":"2 minutos"},"schema":{"@context":"https:\/\/schema.org","@graph":[{"@type":"WebPage","@id":"https:\/\/www.oasdi.ca\/es\/educacion-k-12-en-ontario\/escuelas-secundarias\/","url":"https:\/\/www.oasdi.ca\/es\/educacion-k-12-en-ontario\/escuelas-secundarias\/","name":"Escuelas secundarias | Sistema de educaci\u00f3n K-12 de Ontario","isPartOf":{"@id":"https:\/\/www.oasdi.ca\/es\/#website"},"datePublished":"2020-03-19T12:41:10+00:00","dateModified":"2020-05-10T15:45:09+00:00","description":"En Ontario, las escuelas secundarias, tambi\u00e9n conocidas como high schools, incluyen los grados 9 a 12. Descubre m\u00e1s acerca de las escuelas secundarias aqu\u00ed.","breadcrumb":{"@id":"https:\/\/www.oasdi.ca\/es\/educacion-k-12-en-ontario\/escuelas-secundarias\/#breadcrumb"},"inLanguage":"es","potentialAction":[{"@type":"ReadAction","target":["https:\/\/www.oasdi.ca\/es\/educacion-k-12-en-ontario\/escuelas-secundarias\/"]}]},{"@type":"BreadcrumbList","@id":"https:\/\/www.oasdi.ca\/es\/educacion-k-12-en-ontario\/escuelas-secundarias\/#breadcrumb","itemListElement":[{"@type":"ListItem","position":1,"name":"Inicio","item":"https:\/\/www.oasdi.ca\/es\/"},{"@type":"ListItem","position":2,"name":"Educaci\u00f3n K-12 en Ontario","item":"https:\/\/www.oasdi.ca\/es\/educacion-k-12-en-ontario\/"},{"@type":"ListItem","position":3,"name":"Escuelas secundarias en Ontario"}]},{"@type":"WebSite","@id":"https:\/\/www.oasdi.ca\/es\/#website","url":"https:\/\/www.oasdi.ca\/es\/","name":"OASDI","description":"Ontario Association of School District International","publisher":{"@id":"https:\/\/www.oasdi.ca\/es\/#organization"},"potentialAction":[{"@type":"SearchAction","target":{"@type":"EntryPoint","urlTemplate":"https:\/\/www.oasdi.ca\/es\/?s={search_term_string}"},"query-input":"required name=search_term_string"}],"inLanguage":"es"},{"@type":"Organization","@id":"https:\/\/www.oasdi.ca\/es\/#organization","name":"OASDI","url":"https:\/\/www.oasdi.ca\/es\/","logo":{"@type":"ImageObject","inLanguage":"es","@id":"https:\/\/www.oasdi.ca\/es\/#\/schema\/logo\/image\/","url":"https:\/\/www.oasdi.ca\/wp-content\/uploads\/2020\/02\/cropped-oasdi-logo.png","contentUrl":"https:\/\/www.oasdi.ca\/wp-content\/uploads\/2020\/02\/cropped-oasdi-logo.png","width":468,"height":96,"caption":"OASDI"},"image":{"@id":"https:\/\/www.oasdi.ca\/es\/#\/schema\/logo\/image\/"}}]}},"_links":{"self":[{"href":"https:\/\/www.oasdi.ca\/es\/wp-json\/wp\/v2\/pages\/18058"}],"collection":[{"href":"https:\/\/www.oasdi.ca\/es\/wp-json\/wp\/v2\/pages"}],"about":[{"href":"https:\/\/www.oasdi.ca\/es\/wp-json\/wp\/v2\/types\/page"}],"author":[{"embeddable":true,"href":"https:\/\/www.oasdi.ca\/es\/wp-json\/wp\/v2\/users\/237"}],"replies":[{"embeddable":true,"href":"https:\/\/www.oasdi.ca\/es\/wp-json\/wp\/v2\/comments?post=18058"}],"version-history":[{"count":0,"href":"https:\/\/www.oasdi.ca\/es\/wp-json\/wp\/v2\/pages\/18058\/revisions"}],"up":[{"embeddable":true,"href":"https:\/\/www.oasdi.ca\/es\/wp-json\/wp\/v2\/pages\/18123"}],"wp:featuredmedia":[{"embeddable":true,"href":"https:\/\/www.oasdi.ca\/es\/wp-json\/wp\/v2\/media\/16102"}],"wp:attachment":[{"href":"https:\/\/www.oasdi.ca\/es\/wp-json\/wp\/v2\/media?parent=18058"}],"curies":[{"name":"wp","href":"https:\/\/api.w.org\/{rel}","templated":true}]}}