{"id":18025,"date":"2020-03-19T12:21:56","date_gmt":"2020-03-19T12:21:56","guid":{"rendered":"http:\/\/oasdi.ca\/k-12-education-in-ontario\/elementary-schools\/"},"modified":"2020-04-18T03:20:59","modified_gmt":"2020-04-18T03:20:59","slug":"escuelas-primarias","status":"publish","type":"page","link":"https:\/\/www.oasdi.ca\/es\/educacion-k-12-en-ontario\/escuelas-primarias\/","title":{"rendered":"Escuelas primarias en Ontario"},"content":{"rendered":"<div id=\"pl-18025\"  class=\"panel-layout\" ><div id=\"pg-18025-0\"  class=\"panel-grid panel-no-style\" ><div id=\"pgc-18025-0-0\"  class=\"panel-grid-cell\" ><div id=\"panel-18025-0-0-0\" class=\"so-panel widget widget_sow-image panel-first-child panel-last-child\" data-index=\"0\" ><div class=\"is-featured-img panel-widget-style panel-widget-style-for-18025-0-0-0\" ><div\n\t\t\t\n\t\t\tclass=\"so-widget-sow-image so-widget-sow-image-default-c4f6304fc136-18025\"\n\t\t\t\n\t\t>\n\n<div class=\"sow-image-container\">\n\t\t<img loading=\"lazy\" decoding=\"async\" src=\"https:\/\/www.oasdi.ca\/wp-content\/uploads\/2020\/03\/onatrio-schools.jpg\" width=\"1440\" height=\"268\" srcset=\"https:\/\/www.oasdi.ca\/wp-content\/uploads\/2020\/03\/onatrio-schools.jpg 1440w, https:\/\/www.oasdi.ca\/wp-content\/uploads\/2020\/03\/onatrio-schools-250x47.jpg 250w, https:\/\/www.oasdi.ca\/wp-content\/uploads\/2020\/03\/onatrio-schools-700x130.jpg 700w, https:\/\/www.oasdi.ca\/wp-content\/uploads\/2020\/03\/onatrio-schools-768x143.jpg 768w, https:\/\/www.oasdi.ca\/wp-content\/uploads\/2020\/03\/onatrio-schools-120x22.jpg 120w\" sizes=\"(max-width: 1440px) 100vw, 1440px\" alt=\"\" \t\tclass=\"so-widget-image\"\/>\n\t<\/div>\n\n<\/div><\/div><\/div><\/div><\/div><div id=\"pg-18025-1\"  class=\"panel-grid panel-has-style\" ><div class=\"has-container panel-row-style panel-row-style-for-18025-1\" ><div id=\"pgc-18025-1-0\"  class=\"panel-grid-cell\" ><div id=\"panel-18025-1-0-0\" class=\"so-panel widget widget_hem-seo-title-widget panel-first-child panel-last-child\" data-index=\"1\" ><div class=\"panel-widget-style panel-widget-style-for-18025-1-0-0\" ><div\n\t\t\t\n\t\t\tclass=\"so-widget-hem-seo-title-widget so-widget-hem-seo-title-widget-hem-seo-title-widget-style-d75171398898-18025\"\n\t\t\t\n\t\t>\n<h1 style=\"font-size:px;\">Escuelas primarias en Ontario<\/h1>\n\n\n\n\t<!-- <div class=\"breadcrumb-trail\"><a href=\"index.php\">Home<\/a> \u00bb <span class=\"breadcrumb-current\">About<\/span><\/div> -->\n\t<div class=\"test1\"><span><span><a href=\"https:\/\/www.oasdi.ca\/es\/\">Inicio<\/a><\/span><\/span><\/div>\n<\/div><\/div><\/div><\/div><\/div><\/div><div id=\"pg-18025-2\"  class=\"panel-grid panel-has-style\" ><div class=\"has-container panel-row-style panel-row-style-for-18025-2\" ><div id=\"pgc-18025-2-0\"  class=\"panel-grid-cell\" ><div id=\"panel-18025-2-0-0\" class=\"so-panel widget widget_hem-sidebar-menu-widget panel-first-child\" data-index=\"2\" ><div\n\t\t\t\n\t\t\tclass=\"so-widget-hem-sidebar-menu-widget so-widget-hem-sidebar-menu-widget-hem-sidebar-menu-widget-style-d75171398898-18025\"\n\t\t\t\n\t\t><div id=\"sidebar\">\n\t\t\t<ul id=\"side-menu\" class=\"side-menu menu-embedded\">\n\t\t\t\n\t\t\t\t\t\t\t\t\n\t\t\t\t\t\t\t\t\t\t\t<li><a href=\"https:\/\/www.oasdi.ca\/es\/educacion-k-12-en-ontario\/preguntas-frecuentes\/\">Preguntas frecuentes acerca de la educaci\u00f3n K-12 en Ontario<\/a><\/li>\n\t\t\t\t\t\t\t\t\t\t\t\t\t\n\t\t\t\t\t\t\t\t\t\t\t<li><a href=\"https:\/\/www.oasdi.ca\/es\/educacion-k-12-en-ontario\/valoracion-evaluacion-y-reporte\/\">Reporte de calificaciones de los estudiantes en Ontario<\/a><\/li>\n\t\t\t\t\t\t\t\t\t\t\t\t\t\n\t\t\t\t\t\t\t\t\t\t\t<li><a href=\"https:\/\/www.oasdi.ca\/es\/educacion-k-12-en-ontario\/requisitos-para-graduarse\/\">Requisitos para la graduaci\u00f3n en Ontario<\/a><\/li>\n\t\t\t\t\t\t\t\t\t\t\t\t\t\n\t\t\t\t\t\t\t\t\t\t\t<li><a href=\"https:\/\/www.oasdi.ca\/es\/educacion-k-12-en-ontario\/curriculo\/\">Plan de estudios en Ontario<\/a><\/li>\n\t\t\t\t\t\t\t\t\t\t\t\t\t\n\t\t\t\t\t\t\t\t\t\t\t<li><a href=\"https:\/\/www.oasdi.ca\/es\/educacion-k-12-en-ontario\/educacion-cooperativa\/\">Educaci\u00f3n cooperativa en Ontario<\/a><\/li>\n\t\t\t\t\t\t\t\t\t\t\t\t\t\n\t\t\t\t\t\t\t\t\t\t\t<li><a href=\"https:\/\/www.oasdi.ca\/es\/educacion-k-12-en-ontario\/escuelas-secundarias\/\">Escuelas secundarias en Ontario<\/a><\/li>\n\t\t\t\t\t\t\t\t\t\t\t\t\t\n\t\t\t\t\t\t\t\t\t\t\t<li><a class=\"active\" href=\"https:\/\/www.oasdi.ca\/es\/educacion-k-12-en-ontario\/escuelas-primarias\/\">Escuelas primarias en Ontario<\/a><\/li>\n\t\t\t\t\t\t\t\t\t\t\t\t\t\n\t\t\t\t\t\t\t\t\t\t\t<li><a href=\"https:\/\/www.oasdi.ca\/es\/educacion-k-12-en-ontario\/infografia\/\">Infograf\u00eda de la educaci\u00f3n K-12 en Ontario<\/a><\/li>\n\t\t\t\t\t\t\t\t\t\t\n\n\t\t\t\t<!-- Extra menu -->\n\t\t\t\t\n\n\n\t\t\t\t\t<\/ul>\n\t\n\n<\/div><\/div><\/div><div id=\"panel-18025-2-0-1\" class=\"so-panel widget widget_hem-sidebar-link-widget panel-last-child\" data-index=\"3\" ><div\n\t\t\t\n\t\t\tclass=\"so-widget-hem-sidebar-link-widget so-widget-hem-sidebar-link-widget-hem-sidebar-link-widget-style-d75171398898-18025\"\n\t\t\t\n\t\t><div id=\"sidebar\" class=\"external-link-only\">\n\n\n\n\t\t\t\t<!-- Extra menu -->\n\t\t\t\t\t\t\t\t\t<ul id=\"side-menu\" class=\"side-menu menu-embedded\">\n\t\t\t\t\t\t\t\t\t\t\t\t\t\t\t\t\t\t\t\t\t<li><a  href=\"https:\/\/www.oasdi.ca\/map-search\/\">Map Overview<\/a><\/li>\n\t\t\t\t\t\t\t\t\t\t\t\t\t\t\n\t\t\t\t\t\t\t\t\t\t\t\t\t\t\t\t\t\t\t\t\t<li><a  href=\"https:\/\/www.oasdi.ca\/district-list\/\">District List<\/a><\/li>\n\t\t\t\t\t\t\t\t\t\t\t\t\t\t\n\t\t\t\t\t\t\t\n\t\t\t\t\t<\/ul>\n\t\t\t\t\n\t\t\t\t\n\n\n\n\n<\/div><\/div><\/div><\/div><div id=\"pgc-18025-2-1\"  class=\"panel-grid-cell\" ><div class=\"pl-sm-3 pl-md-5 panel-cell-style panel-cell-style-for-18025-2-1\" ><div id=\"panel-18025-2-1-0\" class=\"so-panel widget widget_hem-seo-title-widget panel-first-child\" data-index=\"4\" ><div\n\t\t\t\n\t\t\tclass=\"so-widget-hem-seo-title-widget so-widget-hem-seo-title-widget-hem-seo-title-widget-style-d75171398898-18025\"\n\t\t\t\n\t\t>\n<h3 style=\"font-size:px;\">In Ontario, elementary school includes Kindergarten to Grade 8 (K-8). <\/h3>\n\n\n<div class=\"title-border\"><\/div>\n\n<\/div><\/div><div id=\"panel-18025-2-1-1\" class=\"so-panel widget widget_sow-editor panel-last-child\" data-index=\"5\" ><div\n\t\t\t\n\t\t\tclass=\"so-widget-sow-editor so-widget-sow-editor-base\"\n\t\t\t\n\t\t>\n<div class=\"siteorigin-widget-tinymce textwidget\">\n\t<p>En Ontario, las escuelas primarias incluyen del jard\u00edn infantil hasta el grado 8 (K-8).<\/p>\n<p>Las escuelas pueden estar organizadas en maneras diferentes, algunas escuelas tendr\u00e1n inscripciones del jard\u00edn infantil al grado 6 (K-6) y otras del jard\u00edn infantil al grado 8 (K-8).\u00a0 En algunos distritos escolares hay \u201cescuelas intermedias\u201d que tienen estudiantes de los grados 6 a 8. Y hay otras escuelas que van de los grados 7 a 12. Cabe se\u00f1alar que la escuela primaria en ocasiones se llama escuela b\u00e1sica o escuela elemental. Puede conocer m\u00e1s acerca de la organizaci\u00f3n de escuelas espec\u00edficas en el siguiente sitio Web:\u00a0\u00a0<a href=\"http:\/\/www.edu.gov.on.ca\/eng\/sift\" target=\"_blank\" rel=\"noopener\">Localizador de informaci\u00f3n de escuelas<\/a><\/p>\n<p>El objetivo de la educaci\u00f3n primaria en Ontario es proporcionar un cimiento s\u00f3lido a todos los estudiantes sobre el que puedan desarrollar el potencial de cada estudiante para el aprendizaje futuro. En Ontario se enfatiza especialmente en la competencia ling\u00fc\u00edstica y las habilidades num\u00e9ricas como bloques fundamentales para el rendimiento acad\u00e9mico futuro. El gobierno de Ontario tiene como meta, que a nivel provincial el 75% de todos los estudiantes alcancen la norma de la provincia (un nivel de grado \u201cB\u201d) en lectura, escritura y matem\u00e1ticas. Para controlar el avance hacia esta meta, anualmente se realizan evaluaciones provinciales en el grado 3 y el grado 6, los resultados de las mismas se publican en:\u00a0<a href=\"http:\/\/www.eqao.com\/en\" target=\"_blank\" rel=\"noopener\">http:\/\/www.eqao.com\/en<\/a><\/p>\n<p>Durante los \u00faltimos 10 a\u00f1os, el gobierno de Ontario ha realizado inversiones significativas para mejorar la calidad de la educaci\u00f3n y para aumentar el \u00e9xito de los estudiantes.\u00a0 Por ejemplo, se redujo significativamente la cantidad de estudiantes en las aulas en los a\u00f1os primarios. Puede ver el n\u00famero de alumnos por clases, de juntas escolares espec\u00edficas, en este enlace:\u00a0<a href=\"http:\/\/www.app.edu.gov.on.ca\/eng\/cst\/searchBoard.asp\" target=\"_blank\" rel=\"noopener\">www.app.edu.gov.on.ca\/eng\/cst\/searchBoard.asp<\/a>.\u00a0 Adem\u00e1s, para ayudar a la adaptaci\u00f3n entre la escuela primaria y la escuela secundaria y enfrentar los problemas de la adolescencia, se han implementado muchas iniciativas nuevas para los estudiantes, como programas de orientaci\u00f3n y estrategias de transici\u00f3n.<\/p>\n<\/div>\n<\/div><\/div><\/div><\/div><\/div><\/div><\/div>","protected":false},"excerpt":{"rendered":"Escuelas primarias en Ontario Inicio Preguntas frecuentes acerca de la educaci\u00f3n K-12 en Ontario Reporte de calificaciones de los estudiantes en Ontario Requisitos para la graduaci\u00f3n en Ontario Plan de estudios en Ontario Educaci\u00f3n cooperativa en Ontario Escuelas secundarias en Ontario Escuelas primarias en Ontario Infograf\u00eda de la educaci\u00f3n K-12 en Ontario Map Overview District&#8230; <a class=\"view-article\" href=\"https:\/\/www.oasdi.ca\/es\/educacion-k-12-en-ontario\/escuelas-primarias\/\">Ver art\u00edculo<\/a>","protected":false},"author":237,"featured_media":16096,"parent":18123,"menu_order":568,"comment_status":"closed","ping_status":"closed","template":"","meta":{"footnotes":""},"class_list":["post-18025","page","type-page","status-publish","has-post-thumbnail","hentry"],"yoast_head":"<!-- This site is optimized with the Yoast SEO plugin v21.5 - https:\/\/yoast.com\/wordpress\/plugins\/seo\/ -->\n<title>Escuelas primarias |Sistema de educaci\u00f3n K-12 de Ontario<\/title>\n<meta name=\"description\" content=\"El sistema de escuelas primarias de Ontario incluye el jard\u00edn y los grados 1 a 8. Aprende m\u00e1s sobre las escuelas primarias de la provincia de Ontario aqu\u00ed.\" \/>\n<meta name=\"robots\" content=\"index, follow, max-snippet:-1, max-image-preview:large, max-video-preview:-1\" \/>\n<link rel=\"canonical\" href=\"https:\/\/www.oasdi.ca\/es\/educacion-k-12-en-ontario\/escuelas-primarias\/\" \/>\n<meta property=\"og:locale\" content=\"es_ES\" \/>\n<meta property=\"og:type\" content=\"article\" \/>\n<meta property=\"og:title\" content=\"Escuelas primarias |Sistema de educaci\u00f3n K-12 de Ontario\" \/>\n<meta property=\"og:description\" content=\"El sistema de escuelas primarias de Ontario incluye el jard\u00edn y los grados 1 a 8. Aprende m\u00e1s sobre las escuelas primarias de la provincia de Ontario aqu\u00ed.\" \/>\n<meta property=\"og:url\" content=\"https:\/\/www.oasdi.ca\/es\/educacion-k-12-en-ontario\/escuelas-primarias\/\" \/>\n<meta property=\"og:site_name\" content=\"OASDI\" \/>\n<meta property=\"article:modified_time\" content=\"2020-04-18T03:20:59+00:00\" \/>\n<meta property=\"og:image\" content=\"https:\/\/www.oasdi.ca\/wp-content\/uploads\/2020\/03\/onatrio-schools.jpg\" \/>\n\t<meta property=\"og:image:width\" content=\"1440\" \/>\n\t<meta property=\"og:image:height\" content=\"268\" \/>\n\t<meta property=\"og:image:type\" content=\"image\/jpeg\" \/>\n<meta name=\"twitter:card\" content=\"summary_large_image\" \/>\n<meta name=\"twitter:label1\" content=\"Tiempo de lectura\" \/>\n\t<meta name=\"twitter:data1\" content=\"2 minutos\" \/>\n<script type=\"application\/ld+json\" class=\"yoast-schema-graph\">{\"@context\":\"https:\/\/schema.org\",\"@graph\":[{\"@type\":\"WebPage\",\"@id\":\"https:\/\/www.oasdi.ca\/es\/educacion-k-12-en-ontario\/escuelas-primarias\/\",\"url\":\"https:\/\/www.oasdi.ca\/es\/educacion-k-12-en-ontario\/escuelas-primarias\/\",\"name\":\"Escuelas primarias |Sistema de educaci\u00f3n K-12 de Ontario\",\"isPartOf\":{\"@id\":\"https:\/\/www.oasdi.ca\/es\/#website\"},\"datePublished\":\"2020-03-19T12:21:56+00:00\",\"dateModified\":\"2020-04-18T03:20:59+00:00\",\"description\":\"El sistema de escuelas primarias de Ontario incluye el jard\u00edn y los grados 1 a 8. Aprende m\u00e1s sobre las escuelas primarias de la provincia de Ontario aqu\u00ed.\",\"breadcrumb\":{\"@id\":\"https:\/\/www.oasdi.ca\/es\/educacion-k-12-en-ontario\/escuelas-primarias\/#breadcrumb\"},\"inLanguage\":\"es\",\"potentialAction\":[{\"@type\":\"ReadAction\",\"target\":[\"https:\/\/www.oasdi.ca\/es\/educacion-k-12-en-ontario\/escuelas-primarias\/\"]}]},{\"@type\":\"BreadcrumbList\",\"@id\":\"https:\/\/www.oasdi.ca\/es\/educacion-k-12-en-ontario\/escuelas-primarias\/#breadcrumb\",\"itemListElement\":[{\"@type\":\"ListItem\",\"position\":1,\"name\":\"Inicio\",\"item\":\"https:\/\/www.oasdi.ca\/es\/\"},{\"@type\":\"ListItem\",\"position\":2,\"name\":\"Educaci\u00f3n K-12 en Ontario\",\"item\":\"https:\/\/www.oasdi.ca\/es\/educacion-k-12-en-ontario\/\"},{\"@type\":\"ListItem\",\"position\":3,\"name\":\"Escuelas primarias en Ontario\"}]},{\"@type\":\"WebSite\",\"@id\":\"https:\/\/www.oasdi.ca\/es\/#website\",\"url\":\"https:\/\/www.oasdi.ca\/es\/\",\"name\":\"OASDI\",\"description\":\"Ontario Association of School District International\",\"publisher\":{\"@id\":\"https:\/\/www.oasdi.ca\/es\/#organization\"},\"potentialAction\":[{\"@type\":\"SearchAction\",\"target\":{\"@type\":\"EntryPoint\",\"urlTemplate\":\"https:\/\/www.oasdi.ca\/es\/?s={search_term_string}\"},\"query-input\":\"required name=search_term_string\"}],\"inLanguage\":\"es\"},{\"@type\":\"Organization\",\"@id\":\"https:\/\/www.oasdi.ca\/es\/#organization\",\"name\":\"OASDI\",\"url\":\"https:\/\/www.oasdi.ca\/es\/\",\"logo\":{\"@type\":\"ImageObject\",\"inLanguage\":\"es\",\"@id\":\"https:\/\/www.oasdi.ca\/es\/#\/schema\/logo\/image\/\",\"url\":\"https:\/\/www.oasdi.ca\/wp-content\/uploads\/2020\/02\/cropped-oasdi-logo.png\",\"contentUrl\":\"https:\/\/www.oasdi.ca\/wp-content\/uploads\/2020\/02\/cropped-oasdi-logo.png\",\"width\":468,\"height\":96,\"caption\":\"OASDI\"},\"image\":{\"@id\":\"https:\/\/www.oasdi.ca\/es\/#\/schema\/logo\/image\/\"}}]}<\/script>\n<!-- \/ Yoast SEO plugin. -->","yoast_head_json":{"title":"Escuelas primarias |Sistema de educaci\u00f3n K-12 de Ontario","description":"El sistema de escuelas primarias de Ontario incluye el jard\u00edn y los grados 1 a 8. Aprende m\u00e1s sobre las escuelas primarias de la provincia de Ontario aqu\u00ed.","robots":{"index":"index","follow":"follow","max-snippet":"max-snippet:-1","max-image-preview":"max-image-preview:large","max-video-preview":"max-video-preview:-1"},"canonical":"https:\/\/www.oasdi.ca\/es\/educacion-k-12-en-ontario\/escuelas-primarias\/","og_locale":"es_ES","og_type":"article","og_title":"Escuelas primarias |Sistema de educaci\u00f3n K-12 de Ontario","og_description":"El sistema de escuelas primarias de Ontario incluye el jard\u00edn y los grados 1 a 8. Aprende m\u00e1s sobre las escuelas primarias de la provincia de Ontario aqu\u00ed.","og_url":"https:\/\/www.oasdi.ca\/es\/educacion-k-12-en-ontario\/escuelas-primarias\/","og_site_name":"OASDI","article_modified_time":"2020-04-18T03:20:59+00:00","og_image":[{"width":1440,"height":268,"url":"https:\/\/www.oasdi.ca\/wp-content\/uploads\/2020\/03\/onatrio-schools.jpg","type":"image\/jpeg"}],"twitter_card":"summary_large_image","twitter_misc":{"Tiempo de lectura":"2 minutos"},"schema":{"@context":"https:\/\/schema.org","@graph":[{"@type":"WebPage","@id":"https:\/\/www.oasdi.ca\/es\/educacion-k-12-en-ontario\/escuelas-primarias\/","url":"https:\/\/www.oasdi.ca\/es\/educacion-k-12-en-ontario\/escuelas-primarias\/","name":"Escuelas primarias |Sistema de educaci\u00f3n K-12 de Ontario","isPartOf":{"@id":"https:\/\/www.oasdi.ca\/es\/#website"},"datePublished":"2020-03-19T12:21:56+00:00","dateModified":"2020-04-18T03:20:59+00:00","description":"El sistema de escuelas primarias de Ontario incluye el jard\u00edn y los grados 1 a 8. Aprende m\u00e1s sobre las escuelas primarias de la provincia de Ontario aqu\u00ed.","breadcrumb":{"@id":"https:\/\/www.oasdi.ca\/es\/educacion-k-12-en-ontario\/escuelas-primarias\/#breadcrumb"},"inLanguage":"es","potentialAction":[{"@type":"ReadAction","target":["https:\/\/www.oasdi.ca\/es\/educacion-k-12-en-ontario\/escuelas-primarias\/"]}]},{"@type":"BreadcrumbList","@id":"https:\/\/www.oasdi.ca\/es\/educacion-k-12-en-ontario\/escuelas-primarias\/#breadcrumb","itemListElement":[{"@type":"ListItem","position":1,"name":"Inicio","item":"https:\/\/www.oasdi.ca\/es\/"},{"@type":"ListItem","position":2,"name":"Educaci\u00f3n K-12 en Ontario","item":"https:\/\/www.oasdi.ca\/es\/educacion-k-12-en-ontario\/"},{"@type":"ListItem","position":3,"name":"Escuelas primarias en Ontario"}]},{"@type":"WebSite","@id":"https:\/\/www.oasdi.ca\/es\/#website","url":"https:\/\/www.oasdi.ca\/es\/","name":"OASDI","description":"Ontario Association of School District International","publisher":{"@id":"https:\/\/www.oasdi.ca\/es\/#organization"},"potentialAction":[{"@type":"SearchAction","target":{"@type":"EntryPoint","urlTemplate":"https:\/\/www.oasdi.ca\/es\/?s={search_term_string}"},"query-input":"required name=search_term_string"}],"inLanguage":"es"},{"@type":"Organization","@id":"https:\/\/www.oasdi.ca\/es\/#organization","name":"OASDI","url":"https:\/\/www.oasdi.ca\/es\/","logo":{"@type":"ImageObject","inLanguage":"es","@id":"https:\/\/www.oasdi.ca\/es\/#\/schema\/logo\/image\/","url":"https:\/\/www.oasdi.ca\/wp-content\/uploads\/2020\/02\/cropped-oasdi-logo.png","contentUrl":"https:\/\/www.oasdi.ca\/wp-content\/uploads\/2020\/02\/cropped-oasdi-logo.png","width":468,"height":96,"caption":"OASDI"},"image":{"@id":"https:\/\/www.oasdi.ca\/es\/#\/schema\/logo\/image\/"}}]}},"_links":{"self":[{"href":"https:\/\/www.oasdi.ca\/es\/wp-json\/wp\/v2\/pages\/18025"}],"collection":[{"href":"https:\/\/www.oasdi.ca\/es\/wp-json\/wp\/v2\/pages"}],"about":[{"href":"https:\/\/www.oasdi.ca\/es\/wp-json\/wp\/v2\/types\/page"}],"author":[{"embeddable":true,"href":"https:\/\/www.oasdi.ca\/es\/wp-json\/wp\/v2\/users\/237"}],"replies":[{"embeddable":true,"href":"https:\/\/www.oasdi.ca\/es\/wp-json\/wp\/v2\/comments?post=18025"}],"version-history":[{"count":0,"href":"https:\/\/www.oasdi.ca\/es\/wp-json\/wp\/v2\/pages\/18025\/revisions"}],"up":[{"embeddable":true,"href":"https:\/\/www.oasdi.ca\/es\/wp-json\/wp\/v2\/pages\/18123"}],"wp:featuredmedia":[{"embeddable":true,"href":"https:\/\/www.oasdi.ca\/es\/wp-json\/wp\/v2\/media\/16096"}],"wp:attachment":[{"href":"https:\/\/www.oasdi.ca\/es\/wp-json\/wp\/v2\/media?parent=18025"}],"curies":[{"name":"wp","href":"https:\/\/api.w.org\/{rel}","templated":true}]}}