{"id":17995,"date":"2020-03-22T13:27:00","date_gmt":"2020-03-22T13:27:00","guid":{"rendered":"http:\/\/oasdi.ca\/oasdi-school-districts\/"},"modified":"2020-04-25T17:35:21","modified_gmt":"2020-04-25T17:35:21","slug":"oasdi-escuelas-distritales","status":"publish","type":"page","link":"https:\/\/www.oasdi.ca\/es\/escuelas-distritales-de-ontario\/oasdi-escuelas-distritales\/","title":{"rendered":"Acerca de los distritos escolares miembros de la OASDI"},"content":{"rendered":"<div id=\"pl-17995\"  class=\"panel-layout\" ><div id=\"pg-17995-0\"  class=\"panel-grid panel-no-style\" ><div id=\"pgc-17995-0-0\"  class=\"panel-grid-cell\" ><div id=\"panel-17995-0-0-0\" class=\"so-panel widget widget_sow-image panel-first-child panel-last-child\" data-index=\"0\" ><div class=\"is-featured-img panel-widget-style panel-widget-style-for-17995-0-0-0\" ><div\n\t\t\t\n\t\t\tclass=\"so-widget-sow-image so-widget-sow-image-default-c4f6304fc136-17995\"\n\t\t\t\n\t\t>\n\n<div class=\"sow-image-container\">\n\t\t<img loading=\"lazy\" decoding=\"async\" src=\"https:\/\/www.oasdi.ca\/wp-content\/uploads\/2020\/03\/ontario-school-district.jpg\" width=\"1440\" height=\"268\" srcset=\"https:\/\/www.oasdi.ca\/wp-content\/uploads\/2020\/03\/ontario-school-district.jpg 1440w, https:\/\/www.oasdi.ca\/wp-content\/uploads\/2020\/03\/ontario-school-district-250x47.jpg 250w, https:\/\/www.oasdi.ca\/wp-content\/uploads\/2020\/03\/ontario-school-district-700x130.jpg 700w, https:\/\/www.oasdi.ca\/wp-content\/uploads\/2020\/03\/ontario-school-district-768x143.jpg 768w, https:\/\/www.oasdi.ca\/wp-content\/uploads\/2020\/03\/ontario-school-district-120x22.jpg 120w\" sizes=\"(max-width: 1440px) 100vw, 1440px\" alt=\"Ontario school districts\" \t\tclass=\"so-widget-image\"\/>\n\t<\/div>\n\n<\/div><\/div><\/div><\/div><\/div><div id=\"pg-17995-1\"  class=\"panel-grid panel-has-style\" ><div class=\"has-container panel-row-style panel-row-style-for-17995-1\" ><div id=\"pgc-17995-1-0\"  class=\"panel-grid-cell\" ><div id=\"panel-17995-1-0-0\" class=\"so-panel widget widget_hem-seo-title-widget panel-first-child panel-last-child\" data-index=\"1\" ><div class=\"panel-widget-style panel-widget-style-for-17995-1-0-0\" ><div\n\t\t\t\n\t\t\tclass=\"so-widget-hem-seo-title-widget so-widget-hem-seo-title-widget-hem-seo-title-widget-style-d75171398898-17995\"\n\t\t\t\n\t\t>\n<h1 style=\"font-size:px;\">Acerca de los distritos escolares miembros de la OASDI<\/h1>\n\n\n\n\t<!-- <div class=\"breadcrumb-trail\"><a href=\"index.php\">Home<\/a> \u00bb <span class=\"breadcrumb-current\">About<\/span><\/div> -->\n\t<div class=\"test1\"><span><span><a href=\"https:\/\/www.oasdi.ca\/es\/\">Inicio<\/a><\/span><\/span><\/div>\n<\/div><\/div><\/div><\/div><\/div><\/div><div id=\"pg-17995-2\"  class=\"panel-grid panel-has-style\" ><div class=\"has-container panel-row-style panel-row-style-for-17995-2\" ><div id=\"pgc-17995-2-0\"  class=\"panel-grid-cell\" ><div id=\"panel-17995-2-0-0\" class=\"so-panel widget widget_hem-sidebar-menu-widget panel-first-child\" data-index=\"2\" ><div\n\t\t\t\n\t\t\tclass=\"so-widget-hem-sidebar-menu-widget so-widget-hem-sidebar-menu-widget-hem-sidebar-menu-widget-style-d75171398898-17995\"\n\t\t\t\n\t\t><div id=\"sidebar\">\n\t\t\t<ul id=\"side-menu\" class=\"side-menu menu-embedded\">\n\t\t\t\n\t\t\t\t\t\t\t\t\n\t\t\t\t\t\t\t\t\t\t\t<li><a href=\"https:\/\/www.oasdi.ca\/es\/escuelas-distritales-de-ontario\/oasdi-escuelas-distritales\/distritos-franceses\/\">Distritos escolares franceses miembros de la OASDI<\/a><\/li>\n\t\t\t\t\t\t\t\t\t\t\t\t\t\n\t\t\t\t\t\t\t\t\t\t\t<li><a href=\"https:\/\/www.oasdi.ca\/es\/escuelas-distritales-de-ontario\/oasdi-escuelas-distritales\/distritos-ingleses\/\">Distritos escolares ingleses miembros de la OASDI<\/a><\/li>\n\t\t\t\t\t\t\t\t\t\t\n\n\t\t\t\t<!-- Extra menu -->\n\t\t\t\t\n\n\n\t\t\t\t\t<\/ul>\n\t\n\n<\/div><\/div><\/div><div id=\"panel-17995-2-0-1\" class=\"so-panel widget widget_hem-sidebar-link-widget panel-last-child\" data-index=\"3\" ><div\n\t\t\t\n\t\t\tclass=\"so-widget-hem-sidebar-link-widget so-widget-hem-sidebar-link-widget-hem-sidebar-link-widget-style-d75171398898-17995\"\n\t\t\t\n\t\t><div id=\"sidebar\" class=\"external-link-only\">\n\n\n\n\t\t\t\t<!-- Extra menu -->\n\t\t\t\t\t\t\t\t\t<ul id=\"side-menu\" class=\"side-menu menu-embedded\">\n\t\t\t\t\t\t\t\t\t\t\t\t\t\t\t\t\t\t\t\t\t<li><a  href=\"https:\/\/www.oasdi.ca\/map-search\/\">Map Overview<\/a><\/li>\n\t\t\t\t\t\t\t\t\t\t\t\t\t\t\n\t\t\t\t\t\t\t\t\t\t\t\t\t\t\t\t\t\t\t\t\t<li><a  href=\"https:\/\/www.oasdi.ca\/district-list\/\">District List<\/a><\/li>\n\t\t\t\t\t\t\t\t\t\t\t\t\t\t\n\t\t\t\t\t\t\t\n\t\t\t\t\t<\/ul>\n\t\t\t\t\n\t\t\t\t\n\n\n\n\n<\/div><\/div><\/div><\/div><div id=\"pgc-17995-2-1\"  class=\"panel-grid-cell\" ><div class=\"pl-sm-3 pl-md-5 panel-cell-style panel-cell-style-for-17995-2-1\" ><div id=\"panel-17995-2-1-0\" class=\"so-panel widget widget_sow-editor panel-first-child panel-last-child\" data-index=\"4\" ><div\n\t\t\t\n\t\t\tclass=\"so-widget-sow-editor so-widget-sow-editor-base\"\n\t\t\t\n\t\t>\n<div class=\"siteorigin-widget-tinymce textwidget\">\n\t<p>La OASDI \u2013 la Ontario Association of School Districts International (Asociaci\u00f3n de distritos escolares de Ontario Internacional) \u2013 representa a 33 juntas escolares p\u00fablicas de la provincia canadiense de Ontario que reciben estudiantes internacionales desde jard\u00edn infantil a grado 12 (K-12).<\/p>\n<p>Los distritos escolares miembros de la OASDI son reconocidos por brindar un programa educativo de alta calidad, as\u00ed como por fomentar el rendimiento de los estudiantes en un ambiente acogedor y seguro. Los distritos escolares participantes valoran el papel que juegan los estudiantes internacionales al aportar perspectivas interculturales diversas, por eso de cierto modo, el reciente aumento en el n\u00famero de estudiantes internacionales que llegan a Ontario es un beneficio mutuo \u2013 una relaci\u00f3n \u201crec\u00edproca\u201d \u2013 ya que ocurre una transferencia intercultural de entendimiento y conocimientos entre los estudiantes internacionales y los estudiantes de Ontario.<\/p>\n<p><strong>Desea m\u00e1s informaci\u00f3n acerca de las escuelas financiadas con fondos p\u00fablicos en Ontario?<\/strong><\/p>\n<ul>\n<li style=\"list-style-type: none;\">\n<ul>\n<li><a href=\"http:\/\/www.edu.gov.on.ca\/eng\/educationFacts.html#enrol\" target=\"_blank\" rel=\"noopener\">Datos de educaci\u00f3n: Escuelas y juntas escolares<\/a><\/li>\n<li><a href=\"http:\/\/www.edu.gov.on.ca\/eng\/sift\" target=\"_blank\" rel=\"noopener\">Localizador de informaci\u00f3n de escuelas<\/a><\/li>\n<li><a href=\"http:\/\/www.app.edu.gov.on.ca\/eng\/bpr\/index.html\" target=\"_blank\" rel=\"noopener\">Informes de avance de las juntas escolares<\/a><\/li>\n<li><a href=\"http:\/\/www.edu.gov.on.ca\/eng\/sbinfo\/boardList.html\" target=\"_blank\" rel=\"noopener\">Todas las juntas escolares financiadas con fondos p\u00fablicos en Ontario<\/a><\/li>\n<li><a href=\"http:\/\/www.edu.gov.on.ca\/eng\/policyfunding\/strategyK12.pdf\" target=\"_blank\" rel=\"noopener\">Ontario\u2019s Strategy for K-12 International Education, 2015 (Estrategia de Ontario para la Educaci\u00f3n internacional de jard\u00edn infantil a grado 12, 2015)<\/a><\/li>\n<\/ul>\n<\/li>\n<\/ul>\n<\/div>\n<\/div><\/div><\/div><\/div><\/div><\/div><\/div>","protected":false},"excerpt":{"rendered":"Acerca de los distritos escolares miembros de la OASDI Inicio Distritos escolares franceses miembros de la OASDI Distritos escolares ingleses miembros de la OASDI Map Overview District List La OASDI \u2013 la Ontario Association of School Districts International (Asociaci\u00f3n de distritos escolares de Ontario Internacional) \u2013 representa a 33 juntas escolares p\u00fablicas de la provincia&#8230; <a class=\"view-article\" href=\"https:\/\/www.oasdi.ca\/es\/escuelas-distritales-de-ontario\/oasdi-escuelas-distritales\/\">Ver art\u00edculo<\/a>","protected":false},"author":237,"featured_media":15970,"parent":21210,"menu_order":0,"comment_status":"closed","ping_status":"closed","template":"","meta":{"footnotes":""},"class_list":["post-17995","page","type-page","status-publish","has-post-thumbnail","hentry"],"yoast_head":"<!-- This site is optimized with the Yoast SEO plugin v21.5 - https:\/\/yoast.com\/wordpress\/plugins\/seo\/ -->\n<title>Distritos escolares miembros de la OASDI | OASDI<\/title>\n<meta name=\"description\" content=\"Nuestra asociaci\u00f3n est\u00e1 compuesta por juntas escolares que acogen a estudiantes internacionales. Obt\u00e9n m\u00e1s informaci\u00f3n acerca de nuestros miembros aqu\u00ed.\" \/>\n<meta name=\"robots\" content=\"index, follow, max-snippet:-1, max-image-preview:large, max-video-preview:-1\" \/>\n<link rel=\"canonical\" href=\"https:\/\/www.oasdi.ca\/es\/escuelas-distritales-de-ontario\/oasdi-escuelas-distritales\/\" \/>\n<meta property=\"og:locale\" content=\"es_ES\" \/>\n<meta property=\"og:type\" content=\"article\" \/>\n<meta property=\"og:title\" content=\"Distritos escolares miembros de la OASDI | OASDI\" \/>\n<meta property=\"og:description\" content=\"Nuestra asociaci\u00f3n est\u00e1 compuesta por juntas escolares que acogen a estudiantes internacionales. Obt\u00e9n m\u00e1s informaci\u00f3n acerca de nuestros miembros aqu\u00ed.\" \/>\n<meta property=\"og:url\" content=\"https:\/\/www.oasdi.ca\/es\/escuelas-distritales-de-ontario\/oasdi-escuelas-distritales\/\" \/>\n<meta property=\"og:site_name\" content=\"OASDI\" \/>\n<meta property=\"article:modified_time\" content=\"2020-04-25T17:35:21+00:00\" \/>\n<meta property=\"og:image\" content=\"https:\/\/www.oasdi.ca\/wp-content\/uploads\/2020\/03\/ontario-school-district.jpg\" \/>\n\t<meta property=\"og:image:width\" content=\"1440\" \/>\n\t<meta property=\"og:image:height\" content=\"268\" \/>\n\t<meta property=\"og:image:type\" content=\"image\/jpeg\" \/>\n<meta name=\"twitter:card\" content=\"summary_large_image\" \/>\n<meta name=\"twitter:label1\" content=\"Tiempo de lectura\" \/>\n\t<meta name=\"twitter:data1\" content=\"1 minuto\" \/>\n<script type=\"application\/ld+json\" class=\"yoast-schema-graph\">{\"@context\":\"https:\/\/schema.org\",\"@graph\":[{\"@type\":\"WebPage\",\"@id\":\"https:\/\/www.oasdi.ca\/es\/escuelas-distritales-de-ontario\/oasdi-escuelas-distritales\/\",\"url\":\"https:\/\/www.oasdi.ca\/es\/escuelas-distritales-de-ontario\/oasdi-escuelas-distritales\/\",\"name\":\"Distritos escolares miembros de la OASDI | OASDI\",\"isPartOf\":{\"@id\":\"https:\/\/www.oasdi.ca\/es\/#website\"},\"datePublished\":\"2020-03-22T13:27:00+00:00\",\"dateModified\":\"2020-04-25T17:35:21+00:00\",\"description\":\"Nuestra asociaci\u00f3n est\u00e1 compuesta por juntas escolares que acogen a estudiantes internacionales. Obt\u00e9n m\u00e1s informaci\u00f3n acerca de nuestros miembros aqu\u00ed.\",\"breadcrumb\":{\"@id\":\"https:\/\/www.oasdi.ca\/es\/escuelas-distritales-de-ontario\/oasdi-escuelas-distritales\/#breadcrumb\"},\"inLanguage\":\"es\",\"potentialAction\":[{\"@type\":\"ReadAction\",\"target\":[\"https:\/\/www.oasdi.ca\/es\/escuelas-distritales-de-ontario\/oasdi-escuelas-distritales\/\"]}]},{\"@type\":\"BreadcrumbList\",\"@id\":\"https:\/\/www.oasdi.ca\/es\/escuelas-distritales-de-ontario\/oasdi-escuelas-distritales\/#breadcrumb\",\"itemListElement\":[{\"@type\":\"ListItem\",\"position\":1,\"name\":\"Inicio\",\"item\":\"https:\/\/www.oasdi.ca\/es\/\"},{\"@type\":\"ListItem\",\"position\":2,\"name\":\"Acerca de los distritos escolares de Ontario\",\"item\":\"https:\/\/www.oasdi.ca\/es\/escuelas-distritales-de-ontario\/\"},{\"@type\":\"ListItem\",\"position\":3,\"name\":\"Acerca de los distritos escolares miembros de la OASDI\"}]},{\"@type\":\"WebSite\",\"@id\":\"https:\/\/www.oasdi.ca\/es\/#website\",\"url\":\"https:\/\/www.oasdi.ca\/es\/\",\"name\":\"OASDI\",\"description\":\"Ontario Association of School District International\",\"publisher\":{\"@id\":\"https:\/\/www.oasdi.ca\/es\/#organization\"},\"potentialAction\":[{\"@type\":\"SearchAction\",\"target\":{\"@type\":\"EntryPoint\",\"urlTemplate\":\"https:\/\/www.oasdi.ca\/es\/?s={search_term_string}\"},\"query-input\":\"required name=search_term_string\"}],\"inLanguage\":\"es\"},{\"@type\":\"Organization\",\"@id\":\"https:\/\/www.oasdi.ca\/es\/#organization\",\"name\":\"OASDI\",\"url\":\"https:\/\/www.oasdi.ca\/es\/\",\"logo\":{\"@type\":\"ImageObject\",\"inLanguage\":\"es\",\"@id\":\"https:\/\/www.oasdi.ca\/es\/#\/schema\/logo\/image\/\",\"url\":\"https:\/\/www.oasdi.ca\/wp-content\/uploads\/2020\/02\/cropped-oasdi-logo.png\",\"contentUrl\":\"https:\/\/www.oasdi.ca\/wp-content\/uploads\/2020\/02\/cropped-oasdi-logo.png\",\"width\":468,\"height\":96,\"caption\":\"OASDI\"},\"image\":{\"@id\":\"https:\/\/www.oasdi.ca\/es\/#\/schema\/logo\/image\/\"}}]}<\/script>\n<!-- \/ Yoast SEO plugin. -->","yoast_head_json":{"title":"Distritos escolares miembros de la OASDI | OASDI","description":"Nuestra asociaci\u00f3n est\u00e1 compuesta por juntas escolares que acogen a estudiantes internacionales. Obt\u00e9n m\u00e1s informaci\u00f3n acerca de nuestros miembros aqu\u00ed.","robots":{"index":"index","follow":"follow","max-snippet":"max-snippet:-1","max-image-preview":"max-image-preview:large","max-video-preview":"max-video-preview:-1"},"canonical":"https:\/\/www.oasdi.ca\/es\/escuelas-distritales-de-ontario\/oasdi-escuelas-distritales\/","og_locale":"es_ES","og_type":"article","og_title":"Distritos escolares miembros de la OASDI | OASDI","og_description":"Nuestra asociaci\u00f3n est\u00e1 compuesta por juntas escolares que acogen a estudiantes internacionales. Obt\u00e9n m\u00e1s informaci\u00f3n acerca de nuestros miembros aqu\u00ed.","og_url":"https:\/\/www.oasdi.ca\/es\/escuelas-distritales-de-ontario\/oasdi-escuelas-distritales\/","og_site_name":"OASDI","article_modified_time":"2020-04-25T17:35:21+00:00","og_image":[{"width":1440,"height":268,"url":"https:\/\/www.oasdi.ca\/wp-content\/uploads\/2020\/03\/ontario-school-district.jpg","type":"image\/jpeg"}],"twitter_card":"summary_large_image","twitter_misc":{"Tiempo de lectura":"1 minuto"},"schema":{"@context":"https:\/\/schema.org","@graph":[{"@type":"WebPage","@id":"https:\/\/www.oasdi.ca\/es\/escuelas-distritales-de-ontario\/oasdi-escuelas-distritales\/","url":"https:\/\/www.oasdi.ca\/es\/escuelas-distritales-de-ontario\/oasdi-escuelas-distritales\/","name":"Distritos escolares miembros de la OASDI | OASDI","isPartOf":{"@id":"https:\/\/www.oasdi.ca\/es\/#website"},"datePublished":"2020-03-22T13:27:00+00:00","dateModified":"2020-04-25T17:35:21+00:00","description":"Nuestra asociaci\u00f3n est\u00e1 compuesta por juntas escolares que acogen a estudiantes internacionales. Obt\u00e9n m\u00e1s informaci\u00f3n acerca de nuestros miembros aqu\u00ed.","breadcrumb":{"@id":"https:\/\/www.oasdi.ca\/es\/escuelas-distritales-de-ontario\/oasdi-escuelas-distritales\/#breadcrumb"},"inLanguage":"es","potentialAction":[{"@type":"ReadAction","target":["https:\/\/www.oasdi.ca\/es\/escuelas-distritales-de-ontario\/oasdi-escuelas-distritales\/"]}]},{"@type":"BreadcrumbList","@id":"https:\/\/www.oasdi.ca\/es\/escuelas-distritales-de-ontario\/oasdi-escuelas-distritales\/#breadcrumb","itemListElement":[{"@type":"ListItem","position":1,"name":"Inicio","item":"https:\/\/www.oasdi.ca\/es\/"},{"@type":"ListItem","position":2,"name":"Acerca de los distritos escolares de Ontario","item":"https:\/\/www.oasdi.ca\/es\/escuelas-distritales-de-ontario\/"},{"@type":"ListItem","position":3,"name":"Acerca de los distritos escolares miembros de la OASDI"}]},{"@type":"WebSite","@id":"https:\/\/www.oasdi.ca\/es\/#website","url":"https:\/\/www.oasdi.ca\/es\/","name":"OASDI","description":"Ontario Association of School District International","publisher":{"@id":"https:\/\/www.oasdi.ca\/es\/#organization"},"potentialAction":[{"@type":"SearchAction","target":{"@type":"EntryPoint","urlTemplate":"https:\/\/www.oasdi.ca\/es\/?s={search_term_string}"},"query-input":"required name=search_term_string"}],"inLanguage":"es"},{"@type":"Organization","@id":"https:\/\/www.oasdi.ca\/es\/#organization","name":"OASDI","url":"https:\/\/www.oasdi.ca\/es\/","logo":{"@type":"ImageObject","inLanguage":"es","@id":"https:\/\/www.oasdi.ca\/es\/#\/schema\/logo\/image\/","url":"https:\/\/www.oasdi.ca\/wp-content\/uploads\/2020\/02\/cropped-oasdi-logo.png","contentUrl":"https:\/\/www.oasdi.ca\/wp-content\/uploads\/2020\/02\/cropped-oasdi-logo.png","width":468,"height":96,"caption":"OASDI"},"image":{"@id":"https:\/\/www.oasdi.ca\/es\/#\/schema\/logo\/image\/"}}]}},"_links":{"self":[{"href":"https:\/\/www.oasdi.ca\/es\/wp-json\/wp\/v2\/pages\/17995"}],"collection":[{"href":"https:\/\/www.oasdi.ca\/es\/wp-json\/wp\/v2\/pages"}],"about":[{"href":"https:\/\/www.oasdi.ca\/es\/wp-json\/wp\/v2\/types\/page"}],"author":[{"embeddable":true,"href":"https:\/\/www.oasdi.ca\/es\/wp-json\/wp\/v2\/users\/237"}],"replies":[{"embeddable":true,"href":"https:\/\/www.oasdi.ca\/es\/wp-json\/wp\/v2\/comments?post=17995"}],"version-history":[{"count":0,"href":"https:\/\/www.oasdi.ca\/es\/wp-json\/wp\/v2\/pages\/17995\/revisions"}],"up":[{"embeddable":true,"href":"https:\/\/www.oasdi.ca\/es\/wp-json\/wp\/v2\/pages\/21210"}],"wp:featuredmedia":[{"embeddable":true,"href":"https:\/\/www.oasdi.ca\/es\/wp-json\/wp\/v2\/media\/15970"}],"wp:attachment":[{"href":"https:\/\/www.oasdi.ca\/es\/wp-json\/wp\/v2\/media?parent=17995"}],"curies":[{"name":"wp","href":"https:\/\/api.w.org\/{rel}","templated":true}]}}