{"id":17924,"date":"2020-03-16T14:30:47","date_gmt":"2020-03-16T14:30:47","guid":{"rendered":"http:\/\/oasdi.ca\/about-oasdi\/executive-commitee\/"},"modified":"2020-04-25T18:10:58","modified_gmt":"2020-04-25T18:10:58","slug":"comite-ejecutivo","status":"publish","type":"page","link":"https:\/\/www.oasdi.ca\/es\/acerca-de-oasdi\/comite-ejecutivo\/","title":{"rendered":"Comit\u00e9 ejecutivo de la Asociaci\u00f3n de distritos escolares de Ontario Internacional"},"content":{"rendered":"<div id=\"pl-17924\"  class=\"panel-layout\" ><div id=\"pg-17924-0\"  class=\"panel-grid panel-no-style\" ><div id=\"pgc-17924-0-0\"  class=\"panel-grid-cell\" ><div id=\"panel-17924-0-0-0\" class=\"so-panel widget widget_sow-image panel-first-child panel-last-child\" data-index=\"0\" ><div\n\t\t\t\n\t\t\tclass=\"so-widget-sow-image so-widget-sow-image-default-c4f6304fc136-17924\"\n\t\t\t\n\t\t>\n\n<div class=\"sow-image-container\">\n\t\t<img loading=\"lazy\" decoding=\"async\" src=\"https:\/\/www.oasdi.ca\/wp-content\/uploads\/2020\/03\/Ontario-Educators.jpg\" width=\"1440\" height=\"268\" srcset=\"https:\/\/www.oasdi.ca\/wp-content\/uploads\/2020\/03\/Ontario-Educators.jpg 1440w, https:\/\/www.oasdi.ca\/wp-content\/uploads\/2020\/03\/Ontario-Educators-250x47.jpg 250w, https:\/\/www.oasdi.ca\/wp-content\/uploads\/2020\/03\/Ontario-Educators-700x130.jpg 700w, https:\/\/www.oasdi.ca\/wp-content\/uploads\/2020\/03\/Ontario-Educators-768x143.jpg 768w, https:\/\/www.oasdi.ca\/wp-content\/uploads\/2020\/03\/Ontario-Educators-500x93.jpg 500w, https:\/\/www.oasdi.ca\/wp-content\/uploads\/2020\/03\/Ontario-Educators-120x22.jpg 120w\" sizes=\"(max-width: 1440px) 100vw, 1440px\" title=\"Ontario Educators\" alt=\"Teaching and Learning Abroad for Ontario Educators\" \t\tclass=\"so-widget-image\"\/>\n\t<\/div>\n\n<\/div><\/div><\/div><\/div><div id=\"pg-17924-1\"  class=\"panel-grid panel-has-style\" ><div class=\"has-container panel-row-style panel-row-style-for-17924-1\" ><div id=\"pgc-17924-1-0\"  class=\"panel-grid-cell\" ><div id=\"panel-17924-1-0-0\" class=\"so-panel widget widget_hem-seo-title-widget panel-first-child panel-last-child\" data-index=\"1\" ><div\n\t\t\t\n\t\t\tclass=\"so-widget-hem-seo-title-widget so-widget-hem-seo-title-widget-hem-seo-title-widget-style-d75171398898-17924\"\n\t\t\t\n\t\t>\n<h1 style=\"font-size:px;\">Executive Committee of the Ontario Association of School Districts International<\/h1>\n\n\n\n\t<!-- <div class=\"breadcrumb-trail\"><a href=\"index.php\">Home<\/a> \u00bb <span class=\"breadcrumb-current\">About<\/span><\/div> -->\n\t<div class=\"test1\"><span><span><a href=\"https:\/\/www.oasdi.ca\/es\/\">Inicio<\/a><\/span><\/span><\/div>\n<\/div><\/div><\/div><\/div><\/div><div id=\"pg-17924-2\"  class=\"panel-grid panel-has-style\" ><div class=\"has-container panel-row-style panel-row-style-for-17924-2\" ><div id=\"pgc-17924-2-0\"  class=\"panel-grid-cell\" ><div id=\"panel-17924-2-0-0\" class=\"so-panel widget widget_hem-sidebar-menu-widget panel-first-child\" data-index=\"2\" ><div\n\t\t\t\n\t\t\tclass=\"so-widget-hem-sidebar-menu-widget so-widget-hem-sidebar-menu-widget-hem-sidebar-menu-widget-style-d75171398898-17924\"\n\t\t\t\n\t\t><div id=\"sidebar\">\n\t\t\t<ul id=\"side-menu\" class=\"side-menu menu-embedded\">\n\t\t\t\n\t\t\t\t\t\t\t\t\n\t\t\t\t\t\t\t\t\t\t\t<li><a href=\"https:\/\/www.oasdi.ca\/es\/acerca-de-oasdi\/mision-y-origenes\/\">Misi\u00f3n y or\u00edgenes de OASDI<\/a><\/li>\n\t\t\t\t\t\t\t\t\t\t\t\t\t\n\t\t\t\t\t\t\t\t\t\t\t<li><a href=\"https:\/\/www.oasdi.ca\/es\/acerca-de-oasdi\/normas-de-comportamiento\/\">Principios de membrec\u00eda en OASDI<\/a><\/li>\n\t\t\t\t\t\t\t\t\t\t\t\t\t\n\t\t\t\t\t\t\t\t\t\t\t<li><a href=\"https:\/\/www.oasdi.ca\/es\/acerca-de-oasdi\/solo-para-miembros\/\">Restricted content<\/a><\/li>\n\t\t\t\t\t\t\t\t\t\t\t\t\t\n\t\t\t\t\t\t\t\t\t\t\t<li><a href=\"https:\/\/www.oasdi.ca\/es\/acerca-de-oasdi\/contacto\/\">Contactar la Asociaci\u00f3n de distritos escolares de Ontario Internacional<\/a><\/li>\n\t\t\t\t\t\t\t\t\t\t\t\t\t\n\t\t\t\t\t\t\t\t\t\t\t<li><a class=\"active\" href=\"https:\/\/www.oasdi.ca\/es\/acerca-de-oasdi\/comite-ejecutivo\/\">Comit\u00e9 ejecutivo de la Asociaci\u00f3n de distritos escolares de Ontario Internacional<\/a><\/li>\n\t\t\t\t\t\t\t\t\t\t\n\n\t\t\t\t<!-- Extra menu -->\n\t\t\t\t\n\n\n\t\t\t\t\t<\/ul>\n\t\n\n<\/div><\/div><\/div><div id=\"panel-17924-2-0-1\" class=\"so-panel widget widget_hem-sidebar-link-widget panel-last-child\" data-index=\"3\" ><div\n\t\t\t\n\t\t\tclass=\"so-widget-hem-sidebar-link-widget so-widget-hem-sidebar-link-widget-hem-sidebar-link-widget-style-d75171398898-17924\"\n\t\t\t\n\t\t><div id=\"sidebar\" class=\"external-link-only\">\n\n\n\n\t\t\t\t<!-- Extra menu -->\n\t\t\t\t\t\t\t\t\t<ul id=\"side-menu\" class=\"side-menu menu-embedded\">\n\t\t\t\t\t\t\t\t\t\t\t\t\t\t\t\t\t\t\t\t\t<li><a  href=\"https:\/\/www.oasdi.ca\/map-search\/\">Map Search<\/a><\/li>\n\t\t\t\t\t\t\t\t\t\t\t\t\t\t\n\t\t\t\t\t\t\t\t\t\t\t\t\t\t\t\t\t\t\t\t\t<li><a  href=\"https:\/\/www.oasdi.ca\/district-list\/\">District List<\/a><\/li>\n\t\t\t\t\t\t\t\t\t\t\t\t\t\t\n\t\t\t\t\t\t\t\n\t\t\t\t\t<\/ul>\n\t\t\t\t\n\t\t\t\t\n\n\n\n\n<\/div><\/div><\/div><\/div><div id=\"pgc-17924-2-1\"  class=\"panel-grid-cell\" ><div class=\"pl-sm-3 pl-md-5 panel-cell-style panel-cell-style-for-17924-2-1\" ><div id=\"panel-17924-2-1-0\" class=\"so-panel widget widget_hem-seo-title-widget panel-first-child\" data-index=\"4\" ><div\n\t\t\t\n\t\t\tclass=\"so-widget-hem-seo-title-widget so-widget-hem-seo-title-widget-hem-seo-title-widget-style-d75171398898-17924\"\n\t\t\t\n\t\t>\n<h3 style=\"font-size:px;\">2025-2026 OASDI Executive Committee<\/h3>\n\n\n<div class=\"title-border\"><\/div>\n\n<\/div><\/div><div id=\"panel-17924-2-1-1\" class=\"so-panel widget widget_sow-editor panel-last-child\" data-index=\"5\" ><div\n\t\t\t\n\t\t\tclass=\"so-widget-sow-editor so-widget-sow-editor-base\"\n\t\t\t\n\t\t>\n<div class=\"siteorigin-widget-tinymce textwidget\">\n\t<p><strong>President:<\/strong>\u00a0Matthew Raby, Upper Canada DSB<\/p>\n<p><strong>Vice-President:<\/strong> Kirsten Ramsay, Lambton Kent DSB<\/p>\n<p><strong>Executive:<\/strong>\u00a0Geoff Best, Ottawa-Carleton DS<\/p>\n<p><strong>French Language Schools:<\/strong> Manuela Kamdom Essomb\u00e9, CEPEO<\/p>\n<p><strong>Past-President:<\/strong>\u00a0Fred Wilson, Niagara Catholic DSB<\/p>\n<p><strong>Executive:<\/strong> Poojah Singh, Peel DSB<\/p>\n<p><strong>Executive<\/strong>: Dan Witt, Waterloo Catholic DSB<\/p>\n<\/div>\n<\/div><\/div><\/div><\/div><\/div><\/div><\/div>","protected":false},"excerpt":{"rendered":"Executive Committee of the Ontario Association of School Districts International Inicio Misi\u00f3n y or\u00edgenes de OASDI Principios de membrec\u00eda en OASDI Restricted content Contactar la Asociaci\u00f3n de distritos escolares de Ontario Internacional Comit\u00e9 ejecutivo de la Asociaci\u00f3n de distritos escolares de Ontario Internacional Map Search District List 2025-2026 OASDI Executive Committee President:\u00a0Matthew Raby, Upper Canada&#8230; <a class=\"view-article\" href=\"https:\/\/www.oasdi.ca\/es\/acerca-de-oasdi\/comite-ejecutivo\/\">Ver art\u00edculo<\/a>","protected":false},"author":237,"featured_media":15654,"parent":17917,"menu_order":622,"comment_status":"closed","ping_status":"closed","template":"","meta":{"footnotes":""},"class_list":["post-17924","page","type-page","status-publish","has-post-thumbnail","hentry"],"yoast_head":"<!-- This site is optimized with the Yoast SEO plugin v21.5 - https:\/\/yoast.com\/wordpress\/plugins\/seo\/ -->\n<title>ExComit\u00e9 ejecutivo de OASDI | Educaci\u00f3n en Ontario<\/title>\n<meta name=\"description\" content=\"La OASDI est\u00e1 conformada por juntas escolares de Ontario que aceptan estudiantes internacionales. Encuentra informaci\u00f3n acerca de nuestro comit\u00e9 ejecutivo aqu\u00ed.\" \/>\n<meta name=\"robots\" content=\"index, follow, max-snippet:-1, max-image-preview:large, max-video-preview:-1\" \/>\n<link rel=\"canonical\" href=\"https:\/\/www.oasdi.ca\/es\/acerca-de-oasdi\/comite-ejecutivo\/\" \/>\n<meta property=\"og:locale\" content=\"es_ES\" \/>\n<meta property=\"og:type\" content=\"article\" \/>\n<meta property=\"og:title\" content=\"ExComit\u00e9 ejecutivo de OASDI | Educaci\u00f3n en Ontario\" \/>\n<meta property=\"og:description\" content=\"La OASDI est\u00e1 conformada por juntas escolares de Ontario que aceptan estudiantes internacionales. Encuentra informaci\u00f3n acerca de nuestro comit\u00e9 ejecutivo aqu\u00ed.\" \/>\n<meta property=\"og:url\" content=\"https:\/\/www.oasdi.ca\/es\/acerca-de-oasdi\/comite-ejecutivo\/\" \/>\n<meta property=\"og:site_name\" content=\"OASDI\" \/>\n<meta property=\"article:modified_time\" content=\"2020-04-25T18:10:58+00:00\" \/>\n<meta property=\"og:image\" content=\"https:\/\/www.oasdi.ca\/wp-content\/uploads\/2020\/03\/oasdi-about-us.jpg\" \/>\n\t<meta property=\"og:image:width\" content=\"1440\" \/>\n\t<meta property=\"og:image:height\" content=\"268\" \/>\n\t<meta property=\"og:image:type\" content=\"image\/jpeg\" \/>\n<meta name=\"twitter:card\" content=\"summary_large_image\" \/>\n<script type=\"application\/ld+json\" class=\"yoast-schema-graph\">{\"@context\":\"https:\/\/schema.org\",\"@graph\":[{\"@type\":\"WebPage\",\"@id\":\"https:\/\/www.oasdi.ca\/es\/acerca-de-oasdi\/comite-ejecutivo\/\",\"url\":\"https:\/\/www.oasdi.ca\/es\/acerca-de-oasdi\/comite-ejecutivo\/\",\"name\":\"ExComit\u00e9 ejecutivo de OASDI | Educaci\u00f3n en Ontario\",\"isPartOf\":{\"@id\":\"https:\/\/www.oasdi.ca\/es\/#website\"},\"datePublished\":\"2020-03-16T14:30:47+00:00\",\"dateModified\":\"2020-04-25T18:10:58+00:00\",\"description\":\"La OASDI est\u00e1 conformada por juntas escolares de Ontario que aceptan estudiantes internacionales. Encuentra informaci\u00f3n acerca de nuestro comit\u00e9 ejecutivo aqu\u00ed.\",\"breadcrumb\":{\"@id\":\"https:\/\/www.oasdi.ca\/es\/acerca-de-oasdi\/comite-ejecutivo\/#breadcrumb\"},\"inLanguage\":\"es\",\"potentialAction\":[{\"@type\":\"ReadAction\",\"target\":[\"https:\/\/www.oasdi.ca\/es\/acerca-de-oasdi\/comite-ejecutivo\/\"]}]},{\"@type\":\"BreadcrumbList\",\"@id\":\"https:\/\/www.oasdi.ca\/es\/acerca-de-oasdi\/comite-ejecutivo\/#breadcrumb\",\"itemListElement\":[{\"@type\":\"ListItem\",\"position\":1,\"name\":\"Inicio\",\"item\":\"https:\/\/www.oasdi.ca\/es\/\"},{\"@type\":\"ListItem\",\"position\":2,\"name\":\"Acerca de la Asociaci\u00f3n de distritos escolares de Ontario Internacional\",\"item\":\"https:\/\/www.oasdi.ca\/es\/acerca-de-oasdi\/\"},{\"@type\":\"ListItem\",\"position\":3,\"name\":\"Comit\u00e9 ejecutivo de la Asociaci\u00f3n de distritos escolares de Ontario Internacional\"}]},{\"@type\":\"WebSite\",\"@id\":\"https:\/\/www.oasdi.ca\/es\/#website\",\"url\":\"https:\/\/www.oasdi.ca\/es\/\",\"name\":\"OASDI\",\"description\":\"Ontario Association of School District International\",\"publisher\":{\"@id\":\"https:\/\/www.oasdi.ca\/es\/#organization\"},\"potentialAction\":[{\"@type\":\"SearchAction\",\"target\":{\"@type\":\"EntryPoint\",\"urlTemplate\":\"https:\/\/www.oasdi.ca\/es\/?s={search_term_string}\"},\"query-input\":\"required name=search_term_string\"}],\"inLanguage\":\"es\"},{\"@type\":\"Organization\",\"@id\":\"https:\/\/www.oasdi.ca\/es\/#organization\",\"name\":\"OASDI\",\"url\":\"https:\/\/www.oasdi.ca\/es\/\",\"logo\":{\"@type\":\"ImageObject\",\"inLanguage\":\"es\",\"@id\":\"https:\/\/www.oasdi.ca\/es\/#\/schema\/logo\/image\/\",\"url\":\"https:\/\/www.oasdi.ca\/wp-content\/uploads\/2020\/02\/cropped-oasdi-logo.png\",\"contentUrl\":\"https:\/\/www.oasdi.ca\/wp-content\/uploads\/2020\/02\/cropped-oasdi-logo.png\",\"width\":468,\"height\":96,\"caption\":\"OASDI\"},\"image\":{\"@id\":\"https:\/\/www.oasdi.ca\/es\/#\/schema\/logo\/image\/\"}}]}<\/script>\n<!-- \/ Yoast SEO plugin. -->","yoast_head_json":{"title":"ExComit\u00e9 ejecutivo de OASDI | Educaci\u00f3n en Ontario","description":"La OASDI est\u00e1 conformada por juntas escolares de Ontario que aceptan estudiantes internacionales. Encuentra informaci\u00f3n acerca de nuestro comit\u00e9 ejecutivo aqu\u00ed.","robots":{"index":"index","follow":"follow","max-snippet":"max-snippet:-1","max-image-preview":"max-image-preview:large","max-video-preview":"max-video-preview:-1"},"canonical":"https:\/\/www.oasdi.ca\/es\/acerca-de-oasdi\/comite-ejecutivo\/","og_locale":"es_ES","og_type":"article","og_title":"ExComit\u00e9 ejecutivo de OASDI | Educaci\u00f3n en Ontario","og_description":"La OASDI est\u00e1 conformada por juntas escolares de Ontario que aceptan estudiantes internacionales. Encuentra informaci\u00f3n acerca de nuestro comit\u00e9 ejecutivo aqu\u00ed.","og_url":"https:\/\/www.oasdi.ca\/es\/acerca-de-oasdi\/comite-ejecutivo\/","og_site_name":"OASDI","article_modified_time":"2020-04-25T18:10:58+00:00","og_image":[{"width":1440,"height":268,"url":"https:\/\/www.oasdi.ca\/wp-content\/uploads\/2020\/03\/oasdi-about-us.jpg","type":"image\/jpeg"}],"twitter_card":"summary_large_image","schema":{"@context":"https:\/\/schema.org","@graph":[{"@type":"WebPage","@id":"https:\/\/www.oasdi.ca\/es\/acerca-de-oasdi\/comite-ejecutivo\/","url":"https:\/\/www.oasdi.ca\/es\/acerca-de-oasdi\/comite-ejecutivo\/","name":"ExComit\u00e9 ejecutivo de OASDI | Educaci\u00f3n en Ontario","isPartOf":{"@id":"https:\/\/www.oasdi.ca\/es\/#website"},"datePublished":"2020-03-16T14:30:47+00:00","dateModified":"2020-04-25T18:10:58+00:00","description":"La OASDI est\u00e1 conformada por juntas escolares de Ontario que aceptan estudiantes internacionales. Encuentra informaci\u00f3n acerca de nuestro comit\u00e9 ejecutivo aqu\u00ed.","breadcrumb":{"@id":"https:\/\/www.oasdi.ca\/es\/acerca-de-oasdi\/comite-ejecutivo\/#breadcrumb"},"inLanguage":"es","potentialAction":[{"@type":"ReadAction","target":["https:\/\/www.oasdi.ca\/es\/acerca-de-oasdi\/comite-ejecutivo\/"]}]},{"@type":"BreadcrumbList","@id":"https:\/\/www.oasdi.ca\/es\/acerca-de-oasdi\/comite-ejecutivo\/#breadcrumb","itemListElement":[{"@type":"ListItem","position":1,"name":"Inicio","item":"https:\/\/www.oasdi.ca\/es\/"},{"@type":"ListItem","position":2,"name":"Acerca de la Asociaci\u00f3n de distritos escolares de Ontario Internacional","item":"https:\/\/www.oasdi.ca\/es\/acerca-de-oasdi\/"},{"@type":"ListItem","position":3,"name":"Comit\u00e9 ejecutivo de la Asociaci\u00f3n de distritos escolares de Ontario Internacional"}]},{"@type":"WebSite","@id":"https:\/\/www.oasdi.ca\/es\/#website","url":"https:\/\/www.oasdi.ca\/es\/","name":"OASDI","description":"Ontario Association of School District International","publisher":{"@id":"https:\/\/www.oasdi.ca\/es\/#organization"},"potentialAction":[{"@type":"SearchAction","target":{"@type":"EntryPoint","urlTemplate":"https:\/\/www.oasdi.ca\/es\/?s={search_term_string}"},"query-input":"required name=search_term_string"}],"inLanguage":"es"},{"@type":"Organization","@id":"https:\/\/www.oasdi.ca\/es\/#organization","name":"OASDI","url":"https:\/\/www.oasdi.ca\/es\/","logo":{"@type":"ImageObject","inLanguage":"es","@id":"https:\/\/www.oasdi.ca\/es\/#\/schema\/logo\/image\/","url":"https:\/\/www.oasdi.ca\/wp-content\/uploads\/2020\/02\/cropped-oasdi-logo.png","contentUrl":"https:\/\/www.oasdi.ca\/wp-content\/uploads\/2020\/02\/cropped-oasdi-logo.png","width":468,"height":96,"caption":"OASDI"},"image":{"@id":"https:\/\/www.oasdi.ca\/es\/#\/schema\/logo\/image\/"}}]}},"_links":{"self":[{"href":"https:\/\/www.oasdi.ca\/es\/wp-json\/wp\/v2\/pages\/17924"}],"collection":[{"href":"https:\/\/www.oasdi.ca\/es\/wp-json\/wp\/v2\/pages"}],"about":[{"href":"https:\/\/www.oasdi.ca\/es\/wp-json\/wp\/v2\/types\/page"}],"author":[{"embeddable":true,"href":"https:\/\/www.oasdi.ca\/es\/wp-json\/wp\/v2\/users\/237"}],"replies":[{"embeddable":true,"href":"https:\/\/www.oasdi.ca\/es\/wp-json\/wp\/v2\/comments?post=17924"}],"version-history":[{"count":0,"href":"https:\/\/www.oasdi.ca\/es\/wp-json\/wp\/v2\/pages\/17924\/revisions"}],"up":[{"embeddable":true,"href":"https:\/\/www.oasdi.ca\/es\/wp-json\/wp\/v2\/pages\/17917"}],"wp:featuredmedia":[{"embeddable":true,"href":"https:\/\/www.oasdi.ca\/es\/wp-json\/wp\/v2\/media\/15654"}],"wp:attachment":[{"href":"https:\/\/www.oasdi.ca\/es\/wp-json\/wp\/v2\/media?parent=17924"}],"curies":[{"name":"wp","href":"https:\/\/api.w.org\/{rel}","templated":true}]}}