{"id":17917,"date":"2020-03-16T14:19:20","date_gmt":"2020-03-16T14:19:20","guid":{"rendered":"http:\/\/oasdi.ca\/about-oasdi\/"},"modified":"2020-04-18T00:03:49","modified_gmt":"2020-04-18T00:03:49","slug":"acerca-de-oasdi","status":"publish","type":"page","link":"https:\/\/www.oasdi.ca\/es\/acerca-de-oasdi\/","title":{"rendered":"Acerca de la Asociaci\u00f3n de distritos escolares de Ontario Internacional"},"content":{"rendered":"<div id=\"pl-17917\"  class=\"panel-layout\" ><div id=\"pg-17917-0\"  class=\"panel-grid panel-no-style\" ><div id=\"pgc-17917-0-0\"  class=\"panel-grid-cell\" ><div id=\"panel-17917-0-0-0\" class=\"so-panel widget widget_sow-image panel-first-child panel-last-child\" data-index=\"0\" ><div\n\t\t\t\n\t\t\tclass=\"so-widget-sow-image so-widget-sow-image-default-c4f6304fc136-17917\"\n\t\t\t\n\t\t>\n\n<div class=\"sow-image-container\">\n\t\t<img loading=\"lazy\" decoding=\"async\" src=\"https:\/\/www.oasdi.ca\/wp-content\/uploads\/2020\/03\/oasdi-about-us.jpg\" width=\"1440\" height=\"268\" srcset=\"https:\/\/www.oasdi.ca\/wp-content\/uploads\/2020\/03\/oasdi-about-us.jpg 1440w, https:\/\/www.oasdi.ca\/wp-content\/uploads\/2020\/03\/oasdi-about-us-250x47.jpg 250w, https:\/\/www.oasdi.ca\/wp-content\/uploads\/2020\/03\/oasdi-about-us-700x130.jpg 700w, https:\/\/www.oasdi.ca\/wp-content\/uploads\/2020\/03\/oasdi-about-us-768x143.jpg 768w, https:\/\/www.oasdi.ca\/wp-content\/uploads\/2020\/03\/oasdi-about-us-120x22.jpg 120w\" sizes=\"(max-width: 1440px) 100vw, 1440px\" alt=\"About OASDI\" \t\tclass=\"so-widget-image\"\/>\n\t<\/div>\n\n<\/div><\/div><\/div><\/div><div id=\"pg-17917-1\"  class=\"panel-grid panel-has-style\" ><div class=\"has-container panel-row-style panel-row-style-for-17917-1\" ><div id=\"pgc-17917-1-0\"  class=\"panel-grid-cell\" ><div id=\"panel-17917-1-0-0\" class=\"so-panel widget widget_hem-seo-title-widget panel-first-child panel-last-child\" data-index=\"1\" ><div class=\"panel-widget-style panel-widget-style-for-17917-1-0-0\" ><div\n\t\t\t\n\t\t\tclass=\"so-widget-hem-seo-title-widget so-widget-hem-seo-title-widget-hem-seo-title-widget-style-d75171398898-17917\"\n\t\t\t\n\t\t>\n<h1 style=\"font-size:px;\">Acerca de la Asociaci\u00f3n de distritos escolares de Ontario Internacional<\/h1>\n\n\n\n\t<!-- <div class=\"breadcrumb-trail\"><a href=\"index.php\">Home<\/a> \u00bb <span class=\"breadcrumb-current\">About<\/span><\/div> -->\n\t<div class=\"test1\"><span><span><a href=\"https:\/\/www.oasdi.ca\/es\/\">Inicio<\/a><\/span><\/span><\/div>\n<\/div><\/div><\/div><\/div><\/div><\/div><div id=\"pg-17917-2\"  class=\"panel-grid panel-has-style\" ><div class=\"has-container panel-row-style panel-row-style-for-17917-2\" ><div id=\"pgc-17917-2-0\"  class=\"panel-grid-cell\" ><div id=\"panel-17917-2-0-0\" class=\"so-panel widget widget_hem-sidebar-menu-widget panel-first-child\" data-index=\"2\" ><div\n\t\t\t\n\t\t\tclass=\"so-widget-hem-sidebar-menu-widget so-widget-hem-sidebar-menu-widget-hem-sidebar-menu-widget-style-d75171398898-17917\"\n\t\t\t\n\t\t><div id=\"sidebar\">\n\t\t\t<ul id=\"side-menu\" class=\"side-menu menu-embedded\">\n\t\t\t\n\t\t\t\t\t\t\t\t\n\t\t\t\t\t\t\t\t\t\t\t<li><a href=\"https:\/\/www.oasdi.ca\/es\/acerca-de-oasdi\/mision-y-origenes\/\">Misi\u00f3n y or\u00edgenes de OASDI<\/a><\/li>\n\t\t\t\t\t\t\t\t\t\t\t\t\t\n\t\t\t\t\t\t\t\t\t\t\t<li><a href=\"https:\/\/www.oasdi.ca\/es\/acerca-de-oasdi\/normas-de-comportamiento\/\">Principios de membrec\u00eda en OASDI<\/a><\/li>\n\t\t\t\t\t\t\t\t\t\t\t\t\t\n\t\t\t\t\t\t\t\t\t\t\t<li><a href=\"https:\/\/www.oasdi.ca\/es\/acerca-de-oasdi\/solo-para-miembros\/\">Restricted content<\/a><\/li>\n\t\t\t\t\t\t\t\t\t\t\t\t\t\n\t\t\t\t\t\t\t\t\t\t\t<li><a href=\"https:\/\/www.oasdi.ca\/es\/acerca-de-oasdi\/contacto\/\">Contactar la Asociaci\u00f3n de distritos escolares de Ontario Internacional<\/a><\/li>\n\t\t\t\t\t\t\t\t\t\t\t\t\t\n\t\t\t\t\t\t\t\t\t\t\t<li><a href=\"https:\/\/www.oasdi.ca\/es\/acerca-de-oasdi\/comite-ejecutivo\/\">Comit\u00e9 ejecutivo de la Asociaci\u00f3n de distritos escolares de Ontario Internacional<\/a><\/li>\n\t\t\t\t\t\t\t\t\t\t\n\n\t\t\t\t<!-- Extra menu -->\n\t\t\t\t\n\n\n\t\t\t\t\t<\/ul>\n\t\n\n<\/div><\/div><\/div><div id=\"panel-17917-2-0-1\" class=\"so-panel widget widget_hem-sidebar-link-widget panel-last-child\" data-index=\"3\" ><div\n\t\t\t\n\t\t\tclass=\"so-widget-hem-sidebar-link-widget so-widget-hem-sidebar-link-widget-hem-sidebar-link-widget-style-d75171398898-17917\"\n\t\t\t\n\t\t><div id=\"sidebar\" class=\"external-link-only\">\n\n\n\n\t\t\t\t<!-- Extra menu -->\n\t\t\t\t\t\t\t\t\t<ul id=\"side-menu\" class=\"side-menu menu-embedded\">\n\t\t\t\t\t\t\t\t\t\t\t\t\t\t\t\t\t\t\t\t\t<li><a  href=\"https:\/\/www.oasdi.ca\/map-search\/\">Map Overview<\/a><\/li>\n\t\t\t\t\t\t\t\t\t\t\t\t\t\t\n\t\t\t\t\t\t\t\t\t\t\t\t\t\t\t\t\t\t\t\t\t<li><a  href=\"https:\/\/www.oasdi.ca\/district-list\/\">District List<\/a><\/li>\n\t\t\t\t\t\t\t\t\t\t\t\t\t\t\n\t\t\t\t\t\t\t\n\t\t\t\t\t<\/ul>\n\t\t\t\t\n\t\t\t\t\n\n\n\n\n<\/div><\/div><\/div><\/div><div id=\"pgc-17917-2-1\"  class=\"panel-grid-cell\" ><div class=\"pl-sm-3 pl-md-5 panel-cell-style panel-cell-style-for-17917-2-1\" ><div id=\"panel-17917-2-1-0\" class=\"so-panel widget widget_sow-editor panel-first-child panel-last-child\" data-index=\"4\" ><div\n\t\t\t\n\t\t\tclass=\"so-widget-sow-editor so-widget-sow-editor-base\"\n\t\t\t\n\t\t>\n<div class=\"siteorigin-widget-tinymce textwidget\">\n\t<div class=\"content-wrap\">\n<div class=\"subpage-wrap\">\n<div class=\"subpage-content\">\n<div class=\"container subpage-container\">\n<div class=\"row\">\n<div id=\"secondary-right\" class=\"col-md-8 col-xs-12 has-sidebar\">\n<div id=\"secondary-right-inner\">\n<p>Los distritos escolares miembros de la OASDI son reconocidos por brindar un programa educativo de alta calidad, as\u00ed como por fomentar el rendimiento de los estudiantes en un ambiente acogedor y seguro.\u00a0Los distritos escolares participantes \u00a0valoran el papel que juegan los estudiantes internacionales al aportar perspectivas\u00a0 interculturales diversas y una transferencia intercultural de entendimiento y aprendizaje entre los estudiantes internacionales y de Ontario.<\/p>\n<p>Este sitio Web trata completamente sobre educaci\u00f3n internacional.\u00a0 Proporciona acceso en \u201cun solo paso\u201d a una amplia variedad de informaci\u00f3n para<\/p>\n<ul>\n<li>estudiantes internacionales que est\u00e9n considerando estudiar\u00a0 en Ontario<\/li>\n<li>los padres de los potenciales estudiantes internacionales<\/li>\n<li>los agentes educativos que buscan informaci\u00f3n acerca del sistema educativo de Ontario<\/li>\n<li>los estudiantes canadienses que est\u00e9n considerando una experiencia de estudios en el extranjero<\/li>\n<li>los maestros canadienses que est\u00e9n considerando una experiencia docente\u00a0 en el extranjero<\/li>\n<\/ul>\n<\/div>\n<\/div>\n<div class=\"clear\"><\/div>\n<\/div>\n<\/div>\n<\/div>\n<\/div>\n<\/div>\n<footer>\n<div class=\"footer-main\">\n<div class=\"container\">\n<div class=\"row\">\n<div class=\"col-md-6\"><\/div>\n<\/div>\n<\/div>\n<\/div>\n<\/footer>\n<\/div>\n<\/div><\/div><\/div><\/div><\/div><\/div><\/div>","protected":false},"excerpt":{"rendered":"Acerca de la Asociaci\u00f3n de distritos escolares de Ontario Internacional Inicio Misi\u00f3n y or\u00edgenes de OASDI Principios de membrec\u00eda en OASDI Restricted content Contactar la Asociaci\u00f3n de distritos escolares de Ontario Internacional Comit\u00e9 ejecutivo de la Asociaci\u00f3n de distritos escolares de Ontario Internacional Map Overview District List Los distritos escolares miembros de la OASDI son&#8230; <a class=\"view-article\" href=\"https:\/\/www.oasdi.ca\/es\/acerca-de-oasdi\/\">Ver art\u00edculo<\/a>","protected":false},"author":237,"featured_media":15654,"parent":0,"menu_order":631,"comment_status":"closed","ping_status":"closed","template":"","meta":{"footnotes":""},"class_list":["post-17917","page","type-page","status-publish","has-post-thumbnail","hentry"],"yoast_head":"<!-- This site is optimized with the Yoast SEO plugin v21.5 - https:\/\/yoast.com\/wordpress\/plugins\/seo\/ -->\n<title>Acerca de OASDI | OASDI<\/title>\n<meta name=\"description\" content=\"Los miembros de la OASDI le dan una c\u00e1lida bienvenida a nuestros estudiantes internacionales. Aprende m\u00e1s acerca de nuestra asociaci\u00f3n aqu\u00ed.\" \/>\n<meta name=\"robots\" content=\"index, follow, max-snippet:-1, max-image-preview:large, max-video-preview:-1\" \/>\n<link rel=\"canonical\" href=\"https:\/\/www.oasdi.ca\/es\/acerca-de-oasdi\/\" \/>\n<meta property=\"og:locale\" content=\"es_ES\" \/>\n<meta property=\"og:type\" content=\"article\" \/>\n<meta property=\"og:title\" content=\"Acerca de OASDI | OASDI\" \/>\n<meta property=\"og:description\" content=\"Los miembros de la OASDI le dan una c\u00e1lida bienvenida a nuestros estudiantes internacionales. Aprende m\u00e1s acerca de nuestra asociaci\u00f3n aqu\u00ed.\" \/>\n<meta property=\"og:url\" content=\"https:\/\/www.oasdi.ca\/es\/acerca-de-oasdi\/\" \/>\n<meta property=\"og:site_name\" content=\"OASDI\" \/>\n<meta property=\"article:modified_time\" content=\"2020-04-18T00:03:49+00:00\" \/>\n<meta property=\"og:image\" content=\"https:\/\/www.oasdi.ca\/wp-content\/uploads\/2020\/03\/oasdi-about-us.jpg\" \/>\n\t<meta property=\"og:image:width\" content=\"1440\" \/>\n\t<meta property=\"og:image:height\" content=\"268\" \/>\n\t<meta property=\"og:image:type\" content=\"image\/jpeg\" \/>\n<meta name=\"twitter:card\" content=\"summary_large_image\" \/>\n<meta name=\"twitter:label1\" content=\"Tiempo de lectura\" \/>\n\t<meta name=\"twitter:data1\" content=\"1 minuto\" \/>\n<script type=\"application\/ld+json\" class=\"yoast-schema-graph\">{\"@context\":\"https:\/\/schema.org\",\"@graph\":[{\"@type\":\"WebPage\",\"@id\":\"https:\/\/www.oasdi.ca\/es\/acerca-de-oasdi\/\",\"url\":\"https:\/\/www.oasdi.ca\/es\/acerca-de-oasdi\/\",\"name\":\"Acerca de OASDI | OASDI\",\"isPartOf\":{\"@id\":\"https:\/\/www.oasdi.ca\/es\/#website\"},\"datePublished\":\"2020-03-16T14:19:20+00:00\",\"dateModified\":\"2020-04-18T00:03:49+00:00\",\"description\":\"Los miembros de la OASDI le dan una c\u00e1lida bienvenida a nuestros estudiantes internacionales. Aprende m\u00e1s acerca de nuestra asociaci\u00f3n aqu\u00ed.\",\"breadcrumb\":{\"@id\":\"https:\/\/www.oasdi.ca\/es\/acerca-de-oasdi\/#breadcrumb\"},\"inLanguage\":\"es\",\"potentialAction\":[{\"@type\":\"ReadAction\",\"target\":[\"https:\/\/www.oasdi.ca\/es\/acerca-de-oasdi\/\"]}]},{\"@type\":\"BreadcrumbList\",\"@id\":\"https:\/\/www.oasdi.ca\/es\/acerca-de-oasdi\/#breadcrumb\",\"itemListElement\":[{\"@type\":\"ListItem\",\"position\":1,\"name\":\"Inicio\",\"item\":\"https:\/\/www.oasdi.ca\/es\/\"},{\"@type\":\"ListItem\",\"position\":2,\"name\":\"Acerca de la Asociaci\u00f3n de distritos escolares de Ontario Internacional\"}]},{\"@type\":\"WebSite\",\"@id\":\"https:\/\/www.oasdi.ca\/es\/#website\",\"url\":\"https:\/\/www.oasdi.ca\/es\/\",\"name\":\"OASDI\",\"description\":\"Ontario Association of School District International\",\"publisher\":{\"@id\":\"https:\/\/www.oasdi.ca\/es\/#organization\"},\"potentialAction\":[{\"@type\":\"SearchAction\",\"target\":{\"@type\":\"EntryPoint\",\"urlTemplate\":\"https:\/\/www.oasdi.ca\/es\/?s={search_term_string}\"},\"query-input\":\"required name=search_term_string\"}],\"inLanguage\":\"es\"},{\"@type\":\"Organization\",\"@id\":\"https:\/\/www.oasdi.ca\/es\/#organization\",\"name\":\"OASDI\",\"url\":\"https:\/\/www.oasdi.ca\/es\/\",\"logo\":{\"@type\":\"ImageObject\",\"inLanguage\":\"es\",\"@id\":\"https:\/\/www.oasdi.ca\/es\/#\/schema\/logo\/image\/\",\"url\":\"https:\/\/www.oasdi.ca\/wp-content\/uploads\/2020\/02\/cropped-oasdi-logo.png\",\"contentUrl\":\"https:\/\/www.oasdi.ca\/wp-content\/uploads\/2020\/02\/cropped-oasdi-logo.png\",\"width\":468,\"height\":96,\"caption\":\"OASDI\"},\"image\":{\"@id\":\"https:\/\/www.oasdi.ca\/es\/#\/schema\/logo\/image\/\"}}]}<\/script>\n<!-- \/ Yoast SEO plugin. -->","yoast_head_json":{"title":"Acerca de OASDI | OASDI","description":"Los miembros de la OASDI le dan una c\u00e1lida bienvenida a nuestros estudiantes internacionales. Aprende m\u00e1s acerca de nuestra asociaci\u00f3n aqu\u00ed.","robots":{"index":"index","follow":"follow","max-snippet":"max-snippet:-1","max-image-preview":"max-image-preview:large","max-video-preview":"max-video-preview:-1"},"canonical":"https:\/\/www.oasdi.ca\/es\/acerca-de-oasdi\/","og_locale":"es_ES","og_type":"article","og_title":"Acerca de OASDI | OASDI","og_description":"Los miembros de la OASDI le dan una c\u00e1lida bienvenida a nuestros estudiantes internacionales. Aprende m\u00e1s acerca de nuestra asociaci\u00f3n aqu\u00ed.","og_url":"https:\/\/www.oasdi.ca\/es\/acerca-de-oasdi\/","og_site_name":"OASDI","article_modified_time":"2020-04-18T00:03:49+00:00","og_image":[{"width":1440,"height":268,"url":"https:\/\/www.oasdi.ca\/wp-content\/uploads\/2020\/03\/oasdi-about-us.jpg","type":"image\/jpeg"}],"twitter_card":"summary_large_image","twitter_misc":{"Tiempo de lectura":"1 minuto"},"schema":{"@context":"https:\/\/schema.org","@graph":[{"@type":"WebPage","@id":"https:\/\/www.oasdi.ca\/es\/acerca-de-oasdi\/","url":"https:\/\/www.oasdi.ca\/es\/acerca-de-oasdi\/","name":"Acerca de OASDI | OASDI","isPartOf":{"@id":"https:\/\/www.oasdi.ca\/es\/#website"},"datePublished":"2020-03-16T14:19:20+00:00","dateModified":"2020-04-18T00:03:49+00:00","description":"Los miembros de la OASDI le dan una c\u00e1lida bienvenida a nuestros estudiantes internacionales. Aprende m\u00e1s acerca de nuestra asociaci\u00f3n aqu\u00ed.","breadcrumb":{"@id":"https:\/\/www.oasdi.ca\/es\/acerca-de-oasdi\/#breadcrumb"},"inLanguage":"es","potentialAction":[{"@type":"ReadAction","target":["https:\/\/www.oasdi.ca\/es\/acerca-de-oasdi\/"]}]},{"@type":"BreadcrumbList","@id":"https:\/\/www.oasdi.ca\/es\/acerca-de-oasdi\/#breadcrumb","itemListElement":[{"@type":"ListItem","position":1,"name":"Inicio","item":"https:\/\/www.oasdi.ca\/es\/"},{"@type":"ListItem","position":2,"name":"Acerca de la Asociaci\u00f3n de distritos escolares de Ontario Internacional"}]},{"@type":"WebSite","@id":"https:\/\/www.oasdi.ca\/es\/#website","url":"https:\/\/www.oasdi.ca\/es\/","name":"OASDI","description":"Ontario Association of School District International","publisher":{"@id":"https:\/\/www.oasdi.ca\/es\/#organization"},"potentialAction":[{"@type":"SearchAction","target":{"@type":"EntryPoint","urlTemplate":"https:\/\/www.oasdi.ca\/es\/?s={search_term_string}"},"query-input":"required name=search_term_string"}],"inLanguage":"es"},{"@type":"Organization","@id":"https:\/\/www.oasdi.ca\/es\/#organization","name":"OASDI","url":"https:\/\/www.oasdi.ca\/es\/","logo":{"@type":"ImageObject","inLanguage":"es","@id":"https:\/\/www.oasdi.ca\/es\/#\/schema\/logo\/image\/","url":"https:\/\/www.oasdi.ca\/wp-content\/uploads\/2020\/02\/cropped-oasdi-logo.png","contentUrl":"https:\/\/www.oasdi.ca\/wp-content\/uploads\/2020\/02\/cropped-oasdi-logo.png","width":468,"height":96,"caption":"OASDI"},"image":{"@id":"https:\/\/www.oasdi.ca\/es\/#\/schema\/logo\/image\/"}}]}},"_links":{"self":[{"href":"https:\/\/www.oasdi.ca\/es\/wp-json\/wp\/v2\/pages\/17917"}],"collection":[{"href":"https:\/\/www.oasdi.ca\/es\/wp-json\/wp\/v2\/pages"}],"about":[{"href":"https:\/\/www.oasdi.ca\/es\/wp-json\/wp\/v2\/types\/page"}],"author":[{"embeddable":true,"href":"https:\/\/www.oasdi.ca\/es\/wp-json\/wp\/v2\/users\/237"}],"replies":[{"embeddable":true,"href":"https:\/\/www.oasdi.ca\/es\/wp-json\/wp\/v2\/comments?post=17917"}],"version-history":[{"count":0,"href":"https:\/\/www.oasdi.ca\/es\/wp-json\/wp\/v2\/pages\/17917\/revisions"}],"wp:featuredmedia":[{"embeddable":true,"href":"https:\/\/www.oasdi.ca\/es\/wp-json\/wp\/v2\/media\/15654"}],"wp:attachment":[{"href":"https:\/\/www.oasdi.ca\/es\/wp-json\/wp\/v2\/media?parent=17917"}],"curies":[{"name":"wp","href":"https:\/\/api.w.org\/{rel}","templated":true}]}}