{"id":17872,"date":"2020-03-19T23:58:03","date_gmt":"2020-03-19T23:58:03","guid":{"rendered":"http:\/\/oasdi.ca\/learn-abroad\/"},"modified":"2020-04-16T23:28:32","modified_gmt":"2020-04-16T23:28:32","slug":"estudiar-en-el-extranjero","status":"publish","type":"page","link":"https:\/\/www.oasdi.ca\/es\/estudiar-en-el-extranjero\/","title":{"rendered":"Educaci\u00f3n internacional en Ontario"},"content":{"rendered":"<div id=\"pl-17872\"  class=\"panel-layout\" ><div id=\"pg-17872-0\"  class=\"panel-grid panel-no-style\" ><div id=\"pgc-17872-0-0\"  class=\"panel-grid-cell\" ><div id=\"panel-17872-0-0-0\" class=\"so-panel widget widget_sow-image panel-first-child panel-last-child\" data-index=\"0\" ><div class=\"is-featured-img panel-widget-style panel-widget-style-for-17872-0-0-0\" ><div\n\t\t\t\n\t\t\tclass=\"so-widget-sow-image so-widget-sow-image-default-c4f6304fc136-17872\"\n\t\t\t\n\t\t>\n\n<div class=\"sow-image-container\">\n\t\t<img loading=\"lazy\" decoding=\"async\" src=\"https:\/\/www.oasdi.ca\/wp-content\/uploads\/2020\/03\/Learn-Abroad.jpg\" width=\"1440\" height=\"268\" srcset=\"https:\/\/www.oasdi.ca\/wp-content\/uploads\/2020\/03\/Learn-Abroad.jpg 1440w, https:\/\/www.oasdi.ca\/wp-content\/uploads\/2020\/03\/Learn-Abroad-250x47.jpg 250w, https:\/\/www.oasdi.ca\/wp-content\/uploads\/2020\/03\/Learn-Abroad-700x130.jpg 700w, https:\/\/www.oasdi.ca\/wp-content\/uploads\/2020\/03\/Learn-Abroad-768x143.jpg 768w, https:\/\/www.oasdi.ca\/wp-content\/uploads\/2020\/03\/Learn-Abroad-120x22.jpg 120w\" sizes=\"(max-width: 1440px) 100vw, 1440px\" title=\"Learn Abroad\" alt=\"Learn Abroad\" \t\tclass=\"so-widget-image\"\/>\n\t<\/div>\n\n<\/div><\/div><\/div><\/div><\/div><div id=\"pg-17872-1\"  class=\"panel-grid panel-has-style\" ><div class=\"has-container panel-row-style panel-row-style-for-17872-1\" ><div id=\"pgc-17872-1-0\"  class=\"panel-grid-cell\" ><div id=\"panel-17872-1-0-0\" class=\"so-panel widget widget_hem-seo-title-widget panel-first-child panel-last-child\" data-index=\"1\" ><div class=\"panel-widget-style panel-widget-style-for-17872-1-0-0\" ><div\n\t\t\t\n\t\t\tclass=\"so-widget-hem-seo-title-widget so-widget-hem-seo-title-widget-hem-seo-title-widget-style-d75171398898-17872\"\n\t\t\t\n\t\t>\n<h1 style=\"font-size:px;\">Educaci\u00f3n internacional en Ontario<\/h1>\n\n\n\n\t<!-- <div class=\"breadcrumb-trail\"><a href=\"index.php\">Home<\/a> \u00bb <span class=\"breadcrumb-current\">About<\/span><\/div> -->\n\t<div class=\"test1\"><span><span><a href=\"https:\/\/www.oasdi.ca\/es\/\">Inicio<\/a><\/span><\/span><\/div>\n<\/div><\/div><\/div><\/div><\/div><\/div><div id=\"pg-17872-2\"  class=\"panel-grid panel-has-style\" ><div class=\"has-container panel-row-style panel-row-style-for-17872-2\" ><div id=\"pgc-17872-2-0\"  class=\"panel-grid-cell\" ><div id=\"panel-17872-2-0-0\" class=\"so-panel widget widget_hem-sidebar-menu-widget panel-first-child\" data-index=\"2\" ><div\n\t\t\t\n\t\t\tclass=\"so-widget-hem-sidebar-menu-widget so-widget-hem-sidebar-menu-widget-hem-sidebar-menu-widget-style-d75171398898-17872\"\n\t\t\t\n\t\t><div id=\"sidebar\">\n\t\t\t<ul id=\"side-menu\" class=\"side-menu menu-embedded\">\n\t\t\t\n\t\t\t\t\t\t\t\t\n\t\t\t\t\t\t\t\t\t\t\t<li><a href=\"https:\/\/www.oasdi.ca\/es\/estudiar-en-el-extranjero\/preguntas-frecuentes\/\">Preguntas frecuentes acerca de los estudios en el extranjero<\/a><\/li>\n\t\t\t\t\t\t\t\t\t\t\t\t\t\n\t\t\t\t\t\t\t\t\t\t\t<li><a href=\"https:\/\/www.oasdi.ca\/es\/estudiar-en-el-extranjero\/investigacion\/\">Recursos e investigaci\u00f3n sobre la educaci\u00f3n internacional<\/a><\/li>\n\t\t\t\t\t\t\t\t\t\t\t\t\t\n\t\t\t\t\t\t\t\t\t\t\t<li><a href=\"https:\/\/www.oasdi.ca\/es\/estudiar-en-el-extranjero\/maestros-en-ontario\/\">Ense\u00f1ar y aprender en el extranjero para maestros de Ontario<\/a><\/li>\n\t\t\t\t\t\t\t\t\t\t\t\t\t\n\t\t\t\t\t\t\t\t\t\t\t<li><a href=\"https:\/\/www.oasdi.ca\/es\/estudiar-en-el-extranjero\/estudiantes-en-ontario\/\">Estudiar en el extranjero para estudiantes de Ontario<\/a><\/li>\n\t\t\t\t\t\t\t\t\t\t\n\n\t\t\t\t<!-- Extra menu -->\n\t\t\t\t\n\n\n\t\t\t\t\t<\/ul>\n\t\n\n<\/div><\/div><\/div><div id=\"panel-17872-2-0-1\" class=\"so-panel widget widget_hem-sidebar-link-widget panel-last-child\" data-index=\"3\" ><div\n\t\t\t\n\t\t\tclass=\"so-widget-hem-sidebar-link-widget so-widget-hem-sidebar-link-widget-hem-sidebar-link-widget-style-d75171398898-17872\"\n\t\t\t\n\t\t><div id=\"sidebar\" class=\"external-link-only\">\n\n\n\n\t\t\t\t<!-- Extra menu -->\n\t\t\t\t\t\t\t\t\t<ul id=\"side-menu\" class=\"side-menu menu-embedded\">\n\t\t\t\t\t\t\t\t\t\t\t\t\t\t\t\t\t\t\t\t\t<li><a  href=\"https:\/\/www.oasdi.ca\/map-search\/\">Map Overview<\/a><\/li>\n\t\t\t\t\t\t\t\t\t\t\t\t\t\t\n\t\t\t\t\t\t\t\t\t\t\t\t\t\t\t\t\t\t\t\t\t<li><a  href=\"https:\/\/www.oasdi.ca\/district-list\/\">District List<\/a><\/li>\n\t\t\t\t\t\t\t\t\t\t\t\t\t\t\n\t\t\t\t\t\t\t\n\t\t\t\t\t<\/ul>\n\t\t\t\t\n\t\t\t\t\n\n\n\n\n<\/div><\/div><\/div><\/div><div id=\"pgc-17872-2-1\"  class=\"panel-grid-cell\" ><div class=\"pl-sm-3 pl-md-5 panel-cell-style panel-cell-style-for-17872-2-1\" ><div id=\"panel-17872-2-1-0\" class=\"so-panel widget widget_sow-editor panel-first-child panel-last-child\" data-index=\"4\" ><div\n\t\t\t\n\t\t\tclass=\"so-widget-sow-editor so-widget-sow-editor-base\"\n\t\t\t\n\t\t>\n<div class=\"siteorigin-widget-tinymce textwidget\">\n\t<p>La educaci\u00f3n internacional en Ontario no solo se refiere a los estudiantes de pa\u00edses extranjeros que vienen a estudiar aqu\u00ed, sino tambi\u00e9n a los estudiantes y los educadores de Ontario que est\u00e1n estudiando en el extranjero. Existe una amplia variedad de formas para que los estudiantes obtengan perspectivas nuevas del mundo por medio de excursiones escolares y programas de intercambio, as\u00ed como viviendo y asistiendo a la escuela en un pa\u00eds diferente durante un semestre o un a\u00f1o acad\u00e9mico. Hay muchas organizaciones que ofrecen programas para estudios en el extranjero, a corto y largo plazo, algunas permiten que los estudiantes obtengan cr\u00e9ditos de Ontario en el extranjero. Frecuentemente hay becas y otros apoyos disponibles para estos tipos de experiencias enriquecedoras para los estudiantes.<\/p>\n<p>Los educadores de Ontario se convierten en mejores maestros y en maestros m\u00e1s informados al aprender sobre otros pa\u00edses. El intercambio rec\u00edproco de maestros durante un a\u00f1o, en el que un maestro de Ontario viaja a otro pa\u00eds para \u201cintercambiar\u201d su papel de maestro con un maestro de otro pa\u00eds, es una rica experiencia educativa y una oportunidad para conocer a fondo y aprender de un sistema educativo completamente diferente. Adem\u00e1s, algunas organizaciones ofrecen oportunidades especiales para que los educadores estudien durante el verano y para que viajen y aprendan en otros pa\u00edses.<\/p>\n<\/div>\n<\/div><\/div><\/div><\/div><\/div><\/div><\/div>","protected":false},"excerpt":{"rendered":"Educaci\u00f3n internacional en Ontario Inicio Preguntas frecuentes acerca de los estudios en el extranjero Recursos e investigaci\u00f3n sobre la educaci\u00f3n internacional Ense\u00f1ar y aprender en el extranjero para maestros de Ontario Estudiar en el extranjero para estudiantes de Ontario Map Overview District List La educaci\u00f3n internacional en Ontario no solo se refiere a los estudiantes&#8230; <a class=\"view-article\" href=\"https:\/\/www.oasdi.ca\/es\/estudiar-en-el-extranjero\/\">Ver art\u00edculo<\/a>","protected":false},"author":237,"featured_media":16424,"parent":0,"menu_order":0,"comment_status":"closed","ping_status":"closed","template":"","meta":{"footnotes":""},"class_list":["post-17872","page","type-page","status-publish","has-post-thumbnail","hentry"],"yoast_head":"<!-- This site is optimized with the Yoast SEO plugin v21.5 - https:\/\/yoast.com\/wordpress\/plugins\/seo\/ -->\n<title>Estudiar en el extranjero | Educaci\u00f3n internacional |OASDI<\/title>\n<meta name=\"description\" content=\"La educaci\u00f3n internacional es una excelente oportunidad para que tanto los estudiantes como los maestros experimenten el mundo. Aprende m\u00e1s sobre esto aqu\u00ed.\" \/>\n<meta name=\"robots\" content=\"index, follow, max-snippet:-1, max-image-preview:large, max-video-preview:-1\" \/>\n<link rel=\"canonical\" href=\"https:\/\/www.oasdi.ca\/es\/estudiar-en-el-extranjero\/\" \/>\n<meta property=\"og:locale\" content=\"es_ES\" \/>\n<meta property=\"og:type\" content=\"article\" \/>\n<meta property=\"og:title\" content=\"Estudiar en el extranjero | Educaci\u00f3n internacional |OASDI\" \/>\n<meta property=\"og:description\" content=\"La educaci\u00f3n internacional es una excelente oportunidad para que tanto los estudiantes como los maestros experimenten el mundo. Aprende m\u00e1s sobre esto aqu\u00ed.\" \/>\n<meta property=\"og:url\" content=\"https:\/\/www.oasdi.ca\/es\/estudiar-en-el-extranjero\/\" \/>\n<meta property=\"og:site_name\" content=\"OASDI\" \/>\n<meta property=\"article:modified_time\" content=\"2020-04-16T23:28:32+00:00\" \/>\n<meta property=\"og:image\" content=\"https:\/\/www.oasdi.ca\/wp-content\/uploads\/2020\/03\/Learn-Abroad.jpg\" \/>\n\t<meta property=\"og:image:width\" content=\"1440\" \/>\n\t<meta property=\"og:image:height\" content=\"268\" \/>\n\t<meta property=\"og:image:type\" content=\"image\/jpeg\" \/>\n<meta name=\"twitter:card\" content=\"summary_large_image\" \/>\n<meta name=\"twitter:label1\" content=\"Tiempo de lectura\" \/>\n\t<meta name=\"twitter:data1\" content=\"1 minuto\" \/>\n<script type=\"application\/ld+json\" class=\"yoast-schema-graph\">{\"@context\":\"https:\/\/schema.org\",\"@graph\":[{\"@type\":\"WebPage\",\"@id\":\"https:\/\/www.oasdi.ca\/es\/estudiar-en-el-extranjero\/\",\"url\":\"https:\/\/www.oasdi.ca\/es\/estudiar-en-el-extranjero\/\",\"name\":\"Estudiar en el extranjero | Educaci\u00f3n internacional |OASDI\",\"isPartOf\":{\"@id\":\"https:\/\/www.oasdi.ca\/es\/#website\"},\"datePublished\":\"2020-03-19T23:58:03+00:00\",\"dateModified\":\"2020-04-16T23:28:32+00:00\",\"description\":\"La educaci\u00f3n internacional es una excelente oportunidad para que tanto los estudiantes como los maestros experimenten el mundo. Aprende m\u00e1s sobre esto aqu\u00ed.\",\"breadcrumb\":{\"@id\":\"https:\/\/www.oasdi.ca\/es\/estudiar-en-el-extranjero\/#breadcrumb\"},\"inLanguage\":\"es\",\"potentialAction\":[{\"@type\":\"ReadAction\",\"target\":[\"https:\/\/www.oasdi.ca\/es\/estudiar-en-el-extranjero\/\"]}]},{\"@type\":\"BreadcrumbList\",\"@id\":\"https:\/\/www.oasdi.ca\/es\/estudiar-en-el-extranjero\/#breadcrumb\",\"itemListElement\":[{\"@type\":\"ListItem\",\"position\":1,\"name\":\"Inicio\",\"item\":\"https:\/\/www.oasdi.ca\/es\/\"},{\"@type\":\"ListItem\",\"position\":2,\"name\":\"Educaci\u00f3n internacional en Ontario\"}]},{\"@type\":\"WebSite\",\"@id\":\"https:\/\/www.oasdi.ca\/es\/#website\",\"url\":\"https:\/\/www.oasdi.ca\/es\/\",\"name\":\"OASDI\",\"description\":\"Ontario Association of School District International\",\"publisher\":{\"@id\":\"https:\/\/www.oasdi.ca\/es\/#organization\"},\"potentialAction\":[{\"@type\":\"SearchAction\",\"target\":{\"@type\":\"EntryPoint\",\"urlTemplate\":\"https:\/\/www.oasdi.ca\/es\/?s={search_term_string}\"},\"query-input\":\"required name=search_term_string\"}],\"inLanguage\":\"es\"},{\"@type\":\"Organization\",\"@id\":\"https:\/\/www.oasdi.ca\/es\/#organization\",\"name\":\"OASDI\",\"url\":\"https:\/\/www.oasdi.ca\/es\/\",\"logo\":{\"@type\":\"ImageObject\",\"inLanguage\":\"es\",\"@id\":\"https:\/\/www.oasdi.ca\/es\/#\/schema\/logo\/image\/\",\"url\":\"https:\/\/www.oasdi.ca\/wp-content\/uploads\/2020\/02\/cropped-oasdi-logo.png\",\"contentUrl\":\"https:\/\/www.oasdi.ca\/wp-content\/uploads\/2020\/02\/cropped-oasdi-logo.png\",\"width\":468,\"height\":96,\"caption\":\"OASDI\"},\"image\":{\"@id\":\"https:\/\/www.oasdi.ca\/es\/#\/schema\/logo\/image\/\"}}]}<\/script>\n<!-- \/ Yoast SEO plugin. -->","yoast_head_json":{"title":"Estudiar en el extranjero | Educaci\u00f3n internacional |OASDI","description":"La educaci\u00f3n internacional es una excelente oportunidad para que tanto los estudiantes como los maestros experimenten el mundo. Aprende m\u00e1s sobre esto aqu\u00ed.","robots":{"index":"index","follow":"follow","max-snippet":"max-snippet:-1","max-image-preview":"max-image-preview:large","max-video-preview":"max-video-preview:-1"},"canonical":"https:\/\/www.oasdi.ca\/es\/estudiar-en-el-extranjero\/","og_locale":"es_ES","og_type":"article","og_title":"Estudiar en el extranjero | Educaci\u00f3n internacional |OASDI","og_description":"La educaci\u00f3n internacional es una excelente oportunidad para que tanto los estudiantes como los maestros experimenten el mundo. Aprende m\u00e1s sobre esto aqu\u00ed.","og_url":"https:\/\/www.oasdi.ca\/es\/estudiar-en-el-extranjero\/","og_site_name":"OASDI","article_modified_time":"2020-04-16T23:28:32+00:00","og_image":[{"width":1440,"height":268,"url":"https:\/\/www.oasdi.ca\/wp-content\/uploads\/2020\/03\/Learn-Abroad.jpg","type":"image\/jpeg"}],"twitter_card":"summary_large_image","twitter_misc":{"Tiempo de lectura":"1 minuto"},"schema":{"@context":"https:\/\/schema.org","@graph":[{"@type":"WebPage","@id":"https:\/\/www.oasdi.ca\/es\/estudiar-en-el-extranjero\/","url":"https:\/\/www.oasdi.ca\/es\/estudiar-en-el-extranjero\/","name":"Estudiar en el extranjero | Educaci\u00f3n internacional |OASDI","isPartOf":{"@id":"https:\/\/www.oasdi.ca\/es\/#website"},"datePublished":"2020-03-19T23:58:03+00:00","dateModified":"2020-04-16T23:28:32+00:00","description":"La educaci\u00f3n internacional es una excelente oportunidad para que tanto los estudiantes como los maestros experimenten el mundo. Aprende m\u00e1s sobre esto aqu\u00ed.","breadcrumb":{"@id":"https:\/\/www.oasdi.ca\/es\/estudiar-en-el-extranjero\/#breadcrumb"},"inLanguage":"es","potentialAction":[{"@type":"ReadAction","target":["https:\/\/www.oasdi.ca\/es\/estudiar-en-el-extranjero\/"]}]},{"@type":"BreadcrumbList","@id":"https:\/\/www.oasdi.ca\/es\/estudiar-en-el-extranjero\/#breadcrumb","itemListElement":[{"@type":"ListItem","position":1,"name":"Inicio","item":"https:\/\/www.oasdi.ca\/es\/"},{"@type":"ListItem","position":2,"name":"Educaci\u00f3n internacional en Ontario"}]},{"@type":"WebSite","@id":"https:\/\/www.oasdi.ca\/es\/#website","url":"https:\/\/www.oasdi.ca\/es\/","name":"OASDI","description":"Ontario Association of School District International","publisher":{"@id":"https:\/\/www.oasdi.ca\/es\/#organization"},"potentialAction":[{"@type":"SearchAction","target":{"@type":"EntryPoint","urlTemplate":"https:\/\/www.oasdi.ca\/es\/?s={search_term_string}"},"query-input":"required name=search_term_string"}],"inLanguage":"es"},{"@type":"Organization","@id":"https:\/\/www.oasdi.ca\/es\/#organization","name":"OASDI","url":"https:\/\/www.oasdi.ca\/es\/","logo":{"@type":"ImageObject","inLanguage":"es","@id":"https:\/\/www.oasdi.ca\/es\/#\/schema\/logo\/image\/","url":"https:\/\/www.oasdi.ca\/wp-content\/uploads\/2020\/02\/cropped-oasdi-logo.png","contentUrl":"https:\/\/www.oasdi.ca\/wp-content\/uploads\/2020\/02\/cropped-oasdi-logo.png","width":468,"height":96,"caption":"OASDI"},"image":{"@id":"https:\/\/www.oasdi.ca\/es\/#\/schema\/logo\/image\/"}}]}},"_links":{"self":[{"href":"https:\/\/www.oasdi.ca\/es\/wp-json\/wp\/v2\/pages\/17872"}],"collection":[{"href":"https:\/\/www.oasdi.ca\/es\/wp-json\/wp\/v2\/pages"}],"about":[{"href":"https:\/\/www.oasdi.ca\/es\/wp-json\/wp\/v2\/types\/page"}],"author":[{"embeddable":true,"href":"https:\/\/www.oasdi.ca\/es\/wp-json\/wp\/v2\/users\/237"}],"replies":[{"embeddable":true,"href":"https:\/\/www.oasdi.ca\/es\/wp-json\/wp\/v2\/comments?post=17872"}],"version-history":[{"count":0,"href":"https:\/\/www.oasdi.ca\/es\/wp-json\/wp\/v2\/pages\/17872\/revisions"}],"wp:featuredmedia":[{"embeddable":true,"href":"https:\/\/www.oasdi.ca\/es\/wp-json\/wp\/v2\/media\/16424"}],"wp:attachment":[{"href":"https:\/\/www.oasdi.ca\/es\/wp-json\/wp\/v2\/media?parent=17872"}],"curies":[{"name":"wp","href":"https:\/\/api.w.org\/{rel}","templated":true}]}}